{"id":5775,"date":"2024-07-13T20:10:49","date_gmt":"2024-07-13T18:10:49","guid":{"rendered":"https:\/\/www.swissnaturetea.com\/shop\/unkategorisiert\/organic-healing-body-and-mind\/"},"modified":"2025-06-16T21:12:36","modified_gmt":"2025-06-16T19:12:36","slug":"healing-body-and-mind","status":"publish","type":"product","link":"https:\/\/www.swissnaturetea.com\/de\/shop\/tee\/healing-body-and-mind\/","title":{"rendered":"Bio &#8222;Healing Body and Mind&#8220;"},"content":{"rendered":"<p>Mit 100% biologischen und hochwertigen Zutaten f\u00fcr beste Ergebnisse.<\/p>\n<p><strong>\u2705 Healing Body: <\/strong>Wechseljahrsbeschwerden, unregelm\u00e4\u00dfige Menstruation oder Linderung von Menstruationsschmerzen, Vorbeugung von Herz-Kreislauf-Erkrankungen, Blutungen, abnormer Blutkreislauf, Senkung des Cholesterinspiegels oder f\u00fcr diejenigen, die abnehmen wollen, Leberentgiftung, Probleme mit den Nebenh\u00f6hlen, Gicht, entz\u00fcndliche Akne und Unterst\u00fctzung bei der Verlangsamung der Hautalterung.<strong><br \/>\n<\/strong><strong>\u2705 Healing Mind:<\/strong>f\u00f6rdert die Ausgeglichenheit, entspannt Teile des Gehirns, lindert Stress- und Angstsymptome, z. B. bei Depressionen, Schwerstarbeitern mit Ruhemangel oder Burnout.<\/p>\n<h3>Vorteile<\/h3>\n<p><strong>Hibiskus:<\/strong> senkt den Cholesterinspiegel, reduziert den Blutzuckerspiegel, hilft, K\u00f6rperfett abzubauen, und unterst\u00fctzt beim Abnehmen. Er hilft auch beim Fettabbau, lindert Bl\u00e4hungen, lindert Menstruationsschmerzen, senkt den Blutdruck und ist vorteilhaft f\u00fcr Menschen mit Eisenmangel.<\/p>\n<p><strong>Eisenkraut:<\/strong> hilft bei Depressionen, Symptomen der Menopause oder unregelm\u00e4ssigen Menstruationen, An\u00e4mie, Nasennebenh\u00f6hlenproblemen und lindert Halsschmerzen oder Atemwegserkrankungen wie Asthma, Keuchhusten und Schweinegrippe.<\/p>\n<p><strong>Wegwarte:<\/strong> lindert Stress und Angst, beugt Herz-Kreislauf-Erkrankungen vor, hilft bei der Verdauung und lindert Verstopfung, verhindert Muskel- und Gelenkschmerzen und st\u00e4rkt das Immunsystem.<\/p>\n<p><strong>Stevia:<\/strong> hemmt das Tumorwachstum, verhindert Krebs, hilft, den Blutzuckerspiegel zu senken, unterst\u00fctzt die Vorbeugung und Behandlung von Diabetes, hilft, Fette im Blut zu reduzieren, einschliesslich der Verringerung des Risikos von Herz- und Gef\u00e4\u00dferkrankungen.<\/p>\n<p><strong>Mariendistel:<\/strong> entgiftet die Leber, senkt die Cholesterinwerte im K\u00f6rper und hilft beim Abnehmen.<\/p>\n<p><strong>L\u00f6wenzahn:<\/strong> steigert den Stoffwechsel f\u00fcr diejenigen, die abnehmen wollen, behandelt Arthritis-Symptome wie Gicht, n\u00e4hrt die Haut, hilft, dunkle Flecken im Gesicht wie Melasma und Sommersprossen zu reduzieren, und beugt Falten vor.<\/p>\n<p><strong>Schachtelhalm:<\/strong> n\u00e4hrt Haare, Haut und N\u00e4gel, da es eine Pflanze ist, die reich an Silizium ist. Sie enth\u00e4lt eine Vielzahl von n\u00fctzlichen N\u00e4hrstoffen, darunter Vitamin C, B1, B2, B3, B5, B6, Vitamin E, Vitamin K, Zink und Kupfer, die helfen, die Haarwurzeln zu st\u00e4rken, die Durchblutung der Kopfhaut zu erh\u00f6hen, Haarausfall zu reduzieren, neues Haarwachstum zu stimulieren und die Aufnahme von Vitaminen und Mineralstoffen im K\u00f6rper zu verbessern, w\u00e4hrend sie gleichzeitig die Hautalterung verlangsamt.<\/p>\n<p><strong>Birke:<\/strong> hilft bei Harnwegsinfektionen wie Blasenentz\u00fcndung.<\/p>\n<p><strong>Brennnessel:<\/strong> ein Kraut, das Haare, Knochen, N\u00e4gel und Z\u00e4hne st\u00e4rkt, Allergien, Geb\u00e4rmutterblutungen, Darmblutungen, Diabetes, Magen\u00fcbers\u00e4uerung, Durchfall und Ruhr verhindert.<\/p>\n<p><strong>Fenchel:<\/strong> hilft, die Symptome der Menopause zu lindern, regt die Milchproduktion bei stillenden M\u00fcttern an und f\u00f6rdert eine starke Eierstockgesundheit.<\/p>\n<h3>Zutaten<\/h3>\n<p>Wegwarte, Labkraut, Mariendistel, Schafgarbe, L\u00f6wenzahn, Goldrute, Birke, Gr\u00fcntee, Schachtelhalm, Brennnessel, Rosen, Gr\u00fcnhafer, Guarana, Eisenkraut, Mate-Tee, Ananas &amp; Papaya, Galgant, Fenchel, Zistrose, Hibiskus, Stevia, Kornblumen, Ringelblumen, Kamille<\/p>\n<h3>Zubereitung<\/h3>\n<p>1-2 TL\/Tasse, Wasser 150-200 ml., Ziehzeit 6-8 Min.<\/p>\n","protected":false},"excerpt":{"rendered":"<p>Finde Harmonie mit <b><strong>\u201eHealing Body and Mind\u201c &#8211; einem koffeinfreien Tee.<br \/>\n<\/strong><\/b>Eine spezielle Kr\u00e4utermischung zur F\u00f6rderung des k\u00f6rperlichen Wohlbefindens und des emotionalen Gleichgewichts.<\/p>\n<p>Hilft bei Wechseljahrsbeschwerden, reduziert Depressionen und beugt Burnout vor.<\/p>\n","protected":false},"featured_media":17101,"comment_status":"open","ping_status":"closed","template":"","meta":[],"product_brand":[],"product_cat":[38],"product_tag":[],"class_list":{"0":"post-5775","1":"product","2":"type-product","3":"status-publish","4":"has-post-thumbnail","6":"product_cat-tee","8":"first","9":"instock","10":"taxable","11":"shipping-taxable","12":"purchasable","13":"product-type-variable","14":"has-default-attributes"},"yoast_head":"<!-- This site is optimized with the Yoast SEO plugin v27.4 - https:\/\/yoast.com\/product\/yoast-seo-wordpress\/ -->\n<title>Bio &quot;Healing Body and Mind&quot; | Swiss Nature Tea<\/title>\n<meta name=\"description\" content=\"Finde Harmonie mit \u201eHealing Body and Mind\u201c - einem koffeinfreien Tee. Eine Kr\u00e4utermischung, die das k\u00f6rperliche Wohlbefinden und das emotionale Gleichgewicht f\u00f6rdert.\" \/>\n<meta name=\"robots\" content=\"index, follow, max-snippet:-1, max-image-preview:large, max-video-preview:-1\" \/>\n<link rel=\"canonical\" href=\"https:\/\/www.swissnaturetea.com\/de\/shop\/tee\/healing-body-and-mind\/\" \/>\n<meta property=\"og:locale\" content=\"de_DE\" \/>\n<meta property=\"og:type\" content=\"article\" \/>\n<meta property=\"og:title\" content=\"Bio &quot;Healing Body and Mind&quot; | Swiss Nature Tea\" \/>\n<meta property=\"og:description\" content=\"Finde Harmonie mit \u201eHealing Body and Mind\u201c - einem koffeinfreien Tee. Eine Kr\u00e4utermischung, die das k\u00f6rperliche Wohlbefinden und das emotionale Gleichgewicht f\u00f6rdert.\" \/>\n<meta property=\"og:url\" content=\"https:\/\/www.swissnaturetea.com\/de\/shop\/tee\/healing-body-and-mind\/\" \/>\n<meta property=\"og:site_name\" content=\"Swiss Nature Tea\" \/>\n<meta property=\"article:publisher\" content=\"https:\/\/www.facebook.com\/SwissNatureTea\" \/>\n<meta property=\"article:modified_time\" content=\"2025-06-16T19:12:36+00:00\" \/>\n<meta property=\"og:image\" content=\"https:\/\/www.swissnaturetea.com\/wp-content\/uploads\/sites\/4\/2024\/07\/Healing-Body-and-Mind-Photo-1-1024x1024.png\" \/>\n\t<meta property=\"og:image:width\" content=\"1024\" \/>\n\t<meta property=\"og:image:height\" content=\"1024\" \/>\n\t<meta property=\"og:image:type\" content=\"image\/png\" \/>\n<meta name=\"twitter:card\" content=\"summary_large_image\" \/>\n<meta name=\"twitter:label1\" content=\"Gesch\u00e4tzte Lesezeit\" \/>\n\t<meta name=\"twitter:data1\" content=\"3\u00a0Minuten\" \/>\n<script type=\"application\/ld+json\" class=\"yoast-schema-graph\">{\"@context\":\"https:\\\/\\\/schema.org\",\"@graph\":[{\"@type\":\"WebPage\",\"@id\":\"https:\\\/\\\/www.swissnaturetea.com\\\/de\\\/shop\\\/tee\\\/healing-body-and-mind\\\/\",\"url\":\"https:\\\/\\\/www.swissnaturetea.com\\\/de\\\/shop\\\/tee\\\/healing-body-and-mind\\\/\",\"name\":\"Bio \\\"Healing Body and Mind\\\" | Swiss Nature Tea\",\"isPartOf\":{\"@id\":\"https:\\\/\\\/www.swissnaturetea.com\\\/de\\\/#website\"},\"primaryImageOfPage\":{\"@id\":\"https:\\\/\\\/www.swissnaturetea.com\\\/de\\\/shop\\\/tee\\\/healing-body-and-mind\\\/#primaryimage\"},\"image\":{\"@id\":\"https:\\\/\\\/www.swissnaturetea.com\\\/de\\\/shop\\\/tee\\\/healing-body-and-mind\\\/#primaryimage\"},\"thumbnailUrl\":\"https:\\\/\\\/www.swissnaturetea.com\\\/wp-content\\\/uploads\\\/sites\\\/4\\\/2025\\\/02\\\/Healing-Body-and-Mind-Photo-4-V3-de.png\",\"datePublished\":\"2024-07-13T18:10:49+00:00\",\"dateModified\":\"2025-06-16T19:12:36+00:00\",\"description\":\"Finde Harmonie mit \u201eHealing Body and Mind\u201c - einem koffeinfreien Tee. Eine Kr\u00e4utermischung, die das k\u00f6rperliche Wohlbefinden und das emotionale Gleichgewicht f\u00f6rdert.\",\"breadcrumb\":{\"@id\":\"https:\\\/\\\/www.swissnaturetea.com\\\/de\\\/shop\\\/tee\\\/healing-body-and-mind\\\/#breadcrumb\"},\"inLanguage\":\"de\",\"potentialAction\":[{\"@type\":\"ReadAction\",\"target\":[\"https:\\\/\\\/www.swissnaturetea.com\\\/de\\\/shop\\\/tee\\\/healing-body-and-mind\\\/\"]}]},{\"@type\":\"ImageObject\",\"inLanguage\":\"de\",\"@id\":\"https:\\\/\\\/www.swissnaturetea.com\\\/de\\\/shop\\\/tee\\\/healing-body-and-mind\\\/#primaryimage\",\"url\":\"https:\\\/\\\/www.swissnaturetea.com\\\/wp-content\\\/uploads\\\/sites\\\/4\\\/2025\\\/02\\\/Healing-Body-and-Mind-Photo-4-V3-de.png\",\"contentUrl\":\"https:\\\/\\\/www.swissnaturetea.com\\\/wp-content\\\/uploads\\\/sites\\\/4\\\/2025\\\/02\\\/Healing-Body-and-Mind-Photo-4-V3-de.png\",\"width\":700,\"height\":700},{\"@type\":\"BreadcrumbList\",\"@id\":\"https:\\\/\\\/www.swissnaturetea.com\\\/de\\\/shop\\\/tee\\\/healing-body-and-mind\\\/#breadcrumb\",\"itemListElement\":[{\"@type\":\"ListItem\",\"position\":1,\"name\":\"Home\",\"item\":\"https:\\\/\\\/www.swissnaturetea.com\\\/de\\\/\"},{\"@type\":\"ListItem\",\"position\":2,\"name\":\"Shop\",\"item\":\"https:\\\/\\\/www.swissnaturetea.com\\\/shop\\\/\"},{\"@type\":\"ListItem\",\"position\":3,\"name\":\"Bio &#8220;Healing Body and Mind&#8221;\"}]},{\"@type\":\"WebSite\",\"@id\":\"https:\\\/\\\/www.swissnaturetea.com\\\/de\\\/#website\",\"url\":\"https:\\\/\\\/www.swissnaturetea.com\\\/de\\\/\",\"name\":\"Swiss Nature Tea\",\"description\":\"\",\"publisher\":{\"@id\":\"https:\\\/\\\/www.swissnaturetea.com\\\/de\\\/#organization\"},\"potentialAction\":[{\"@type\":\"SearchAction\",\"target\":{\"@type\":\"EntryPoint\",\"urlTemplate\":\"https:\\\/\\\/www.swissnaturetea.com\\\/de\\\/?s={search_term_string}\"},\"query-input\":{\"@type\":\"PropertyValueSpecification\",\"valueRequired\":true,\"valueName\":\"search_term_string\"}}],\"inLanguage\":\"de\"},{\"@type\":\"Organization\",\"@id\":\"https:\\\/\\\/www.swissnaturetea.com\\\/de\\\/#organization\",\"name\":\"Swiss Nature Tea\",\"url\":\"https:\\\/\\\/www.swissnaturetea.com\\\/de\\\/\",\"logo\":{\"@type\":\"ImageObject\",\"inLanguage\":\"de\",\"@id\":\"https:\\\/\\\/www.swissnaturetea.com\\\/de\\\/#\\\/schema\\\/logo\\\/image\\\/\",\"url\":\"https:\\\/\\\/www.swissnaturetea.com\\\/wp-content\\\/uploads\\\/sites\\\/4\\\/2024\\\/07\\\/logo-1-e1735131919857.png\",\"contentUrl\":\"https:\\\/\\\/www.swissnaturetea.com\\\/wp-content\\\/uploads\\\/sites\\\/4\\\/2024\\\/07\\\/logo-1-e1735131919857.png\",\"width\":150,\"height\":150,\"caption\":\"Swiss Nature Tea\"},\"image\":{\"@id\":\"https:\\\/\\\/www.swissnaturetea.com\\\/de\\\/#\\\/schema\\\/logo\\\/image\\\/\"},\"sameAs\":[\"https:\\\/\\\/www.facebook.com\\\/SwissNatureTea\"]}]}<\/script>\n<!-- \/ Yoast SEO plugin. -->","yoast_head_json":{"title":"Bio \"Healing Body and Mind\" | Swiss Nature Tea","description":"Finde Harmonie mit \u201eHealing Body and Mind\u201c - einem koffeinfreien Tee. Eine Kr\u00e4utermischung, die das k\u00f6rperliche Wohlbefinden und das emotionale Gleichgewicht f\u00f6rdert.","robots":{"index":"index","follow":"follow","max-snippet":"max-snippet:-1","max-image-preview":"max-image-preview:large","max-video-preview":"max-video-preview:-1"},"canonical":"https:\/\/www.swissnaturetea.com\/de\/shop\/tee\/healing-body-and-mind\/","og_locale":"de_DE","og_type":"article","og_title":"Bio \"Healing Body and Mind\" | Swiss Nature Tea","og_description":"Finde Harmonie mit \u201eHealing Body and Mind\u201c - einem koffeinfreien Tee. Eine Kr\u00e4utermischung, die das k\u00f6rperliche Wohlbefinden und das emotionale Gleichgewicht f\u00f6rdert.","og_url":"https:\/\/www.swissnaturetea.com\/de\/shop\/tee\/healing-body-and-mind\/","og_site_name":"Swiss Nature Tea","article_publisher":"https:\/\/www.facebook.com\/SwissNatureTea","article_modified_time":"2025-06-16T19:12:36+00:00","og_image":[{"width":1024,"height":1024,"url":"https:\/\/www.swissnaturetea.com\/wp-content\/uploads\/sites\/4\/2024\/07\/Healing-Body-and-Mind-Photo-1-1024x1024.png","type":"image\/png"}],"twitter_card":"summary_large_image","twitter_misc":{"Gesch\u00e4tzte Lesezeit":"3\u00a0Minuten"},"schema":{"@context":"https:\/\/schema.org","@graph":[{"@type":"WebPage","@id":"https:\/\/www.swissnaturetea.com\/de\/shop\/tee\/healing-body-and-mind\/","url":"https:\/\/www.swissnaturetea.com\/de\/shop\/tee\/healing-body-and-mind\/","name":"Bio \"Healing Body and Mind\" | Swiss Nature Tea","isPartOf":{"@id":"https:\/\/www.swissnaturetea.com\/de\/#website"},"primaryImageOfPage":{"@id":"https:\/\/www.swissnaturetea.com\/de\/shop\/tee\/healing-body-and-mind\/#primaryimage"},"image":{"@id":"https:\/\/www.swissnaturetea.com\/de\/shop\/tee\/healing-body-and-mind\/#primaryimage"},"thumbnailUrl":"https:\/\/www.swissnaturetea.com\/wp-content\/uploads\/sites\/4\/2025\/02\/Healing-Body-and-Mind-Photo-4-V3-de.png","datePublished":"2024-07-13T18:10:49+00:00","dateModified":"2025-06-16T19:12:36+00:00","description":"Finde Harmonie mit \u201eHealing Body and Mind\u201c - einem koffeinfreien Tee. Eine Kr\u00e4utermischung, die das k\u00f6rperliche Wohlbefinden und das emotionale Gleichgewicht f\u00f6rdert.","breadcrumb":{"@id":"https:\/\/www.swissnaturetea.com\/de\/shop\/tee\/healing-body-and-mind\/#breadcrumb"},"inLanguage":"de","potentialAction":[{"@type":"ReadAction","target":["https:\/\/www.swissnaturetea.com\/de\/shop\/tee\/healing-body-and-mind\/"]}]},{"@type":"ImageObject","inLanguage":"de","@id":"https:\/\/www.swissnaturetea.com\/de\/shop\/tee\/healing-body-and-mind\/#primaryimage","url":"https:\/\/www.swissnaturetea.com\/wp-content\/uploads\/sites\/4\/2025\/02\/Healing-Body-and-Mind-Photo-4-V3-de.png","contentUrl":"https:\/\/www.swissnaturetea.com\/wp-content\/uploads\/sites\/4\/2025\/02\/Healing-Body-and-Mind-Photo-4-V3-de.png","width":700,"height":700},{"@type":"BreadcrumbList","@id":"https:\/\/www.swissnaturetea.com\/de\/shop\/tee\/healing-body-and-mind\/#breadcrumb","itemListElement":[{"@type":"ListItem","position":1,"name":"Home","item":"https:\/\/www.swissnaturetea.com\/de\/"},{"@type":"ListItem","position":2,"name":"Shop","item":"https:\/\/www.swissnaturetea.com\/shop\/"},{"@type":"ListItem","position":3,"name":"Bio &#8220;Healing Body and Mind&#8221;"}]},{"@type":"WebSite","@id":"https:\/\/www.swissnaturetea.com\/de\/#website","url":"https:\/\/www.swissnaturetea.com\/de\/","name":"Swiss Nature Tea","description":"","publisher":{"@id":"https:\/\/www.swissnaturetea.com\/de\/#organization"},"potentialAction":[{"@type":"SearchAction","target":{"@type":"EntryPoint","urlTemplate":"https:\/\/www.swissnaturetea.com\/de\/?s={search_term_string}"},"query-input":{"@type":"PropertyValueSpecification","valueRequired":true,"valueName":"search_term_string"}}],"inLanguage":"de"},{"@type":"Organization","@id":"https:\/\/www.swissnaturetea.com\/de\/#organization","name":"Swiss Nature Tea","url":"https:\/\/www.swissnaturetea.com\/de\/","logo":{"@type":"ImageObject","inLanguage":"de","@id":"https:\/\/www.swissnaturetea.com\/de\/#\/schema\/logo\/image\/","url":"https:\/\/www.swissnaturetea.com\/wp-content\/uploads\/sites\/4\/2024\/07\/logo-1-e1735131919857.png","contentUrl":"https:\/\/www.swissnaturetea.com\/wp-content\/uploads\/sites\/4\/2024\/07\/logo-1-e1735131919857.png","width":150,"height":150,"caption":"Swiss Nature Tea"},"image":{"@id":"https:\/\/www.swissnaturetea.com\/de\/#\/schema\/logo\/image\/"},"sameAs":["https:\/\/www.facebook.com\/SwissNatureTea"]}]}},"_links":{"self":[{"href":"https:\/\/www.swissnaturetea.com\/de\/wp-json\/wp\/v2\/product\/5775","targetHints":{"allow":["GET"]}}],"collection":[{"href":"https:\/\/www.swissnaturetea.com\/de\/wp-json\/wp\/v2\/product"}],"about":[{"href":"https:\/\/www.swissnaturetea.com\/de\/wp-json\/wp\/v2\/types\/product"}],"replies":[{"embeddable":true,"href":"https:\/\/www.swissnaturetea.com\/de\/wp-json\/wp\/v2\/comments?post=5775"}],"wp:featuredmedia":[{"embeddable":true,"href":"https:\/\/www.swissnaturetea.com\/de\/wp-json\/wp\/v2\/media\/17101"}],"wp:attachment":[{"href":"https:\/\/www.swissnaturetea.com\/de\/wp-json\/wp\/v2\/media?parent=5775"}],"wp:term":[{"taxonomy":"product_brand","embeddable":true,"href":"https:\/\/www.swissnaturetea.com\/de\/wp-json\/wp\/v2\/product_brand?post=5775"},{"taxonomy":"product_cat","embeddable":true,"href":"https:\/\/www.swissnaturetea.com\/de\/wp-json\/wp\/v2\/product_cat?post=5775"},{"taxonomy":"product_tag","embeddable":true,"href":"https:\/\/www.swissnaturetea.com\/de\/wp-json\/wp\/v2\/product_tag?post=5775"}],"curies":[{"name":"wp","href":"https:\/\/api.w.org\/{rel}","templated":true}]}}