{"id":5763,"date":"2024-07-13T20:09:07","date_gmt":"2024-07-13T18:09:07","guid":{"rendered":"https:\/\/www.swissnaturetea.com\/shop\/unkategorisiert\/organic-energy-boost-tea\/"},"modified":"2025-06-16T21:05:17","modified_gmt":"2025-06-16T19:05:17","slug":"energy-boost-tea","status":"publish","type":"product","link":"https:\/\/www.swissnaturetea.com\/de\/shop\/tee\/energy-boost-tea\/","title":{"rendered":"Bio &#8222;Energy Boost Tea&#8220;"},"content":{"rendered":"<p>Mit 100% biologischen und hochwertigen Zutaten f\u00fcr beste Ergebnisse.<\/p>\n<p>\u2705<strong>Stress<\/strong> <strong>abbauen<br \/>\n<\/strong>\u2705<strong>Steigert die Energie<br \/>\n<\/strong>\u2705<strong>Unterst\u00fctzt<\/strong> <strong>mentale<\/strong> <strong>Klarheit<br \/>\n<\/strong>\u2705<strong>F\u00f6rdert Das allgemeine<\/strong> <strong>Wohlbefinden<\/strong><\/p>\n<p><b><strong>Wann:<\/strong><\/b> Trinke eine Tasse 30 Minuten nach dem Aufwachen, um deinen Stoffwechsel und deine geistige Klarheit anzukurbeln. Du solltest den \u201eEnergy Boost Tea\u201c regelm\u00e4ssig trinken, denn er enth\u00e4lt nat\u00fcrliche Adaptogene, die helfen, Stress abzubauen.<\/p>\n<h3>Vorteile<\/h3>\n<p><strong>Kurkuma:<\/strong> verlangsamt das Altern, senkt den Cholesterinspiegel, hilft bei Bluthochdruck und unterst\u00fctzt die Gehirngesundheit, um Ged\u00e4chtnisverlust vorzubeugen.<\/p>\n<p><strong>Tulsi:<\/strong> ist ein adaptogenes Kraut, das f\u00fcr seine F\u00e4higkeit verwendet wird, Stress auf nat\u00fcrliche Weise zu reduzieren und die allgemeine Gesundheit zu f\u00f6rdern, bek\u00e4mpft das Grippevirus, lindert Sinusentz\u00fcndungen, reduziert Husten, regelt Diabetes und Blutzuckerungleichgewicht und mindert Mundgeschw\u00fcre.<\/p>\n<p><strong>Guarana:<\/strong> liefert langanhaltende Energie, perfekt f\u00fcr anhaltende geistige oder k\u00f6rperliche Anstrengung.<\/p>\n<p><strong>Aronia-Beeren:<\/strong> verhindert Harnwegsinfektionen, sch\u00fctzt vor bakteriellen Infektionen, bek\u00e4mpft Influenza-Viren, lindert Entz\u00fcndungen durch oxidativen Stress und senkt den Cholesterinspiegel.<\/p>\n<p><strong>Ringelblumenbl\u00fctenbl\u00e4tter:<\/strong> reduziert Entz\u00fcndungen, senkt Blutzucker- und Fettwerte.<\/p>\n<p><strong>Ashwagandha:<\/strong> antibakterielle Eigenschaften, hilft, Stress abzubauen, lindert Angst und Depressionen, unterst\u00fctzt die Funktion der Nebennieren, verbessert die Gehirnleistung, steigert das Ged\u00e4chtnis, n\u00e4hrt die Haut und reduziert Falten.<\/p>\n<h3>Zutaten<\/h3>\n<p>Bio-Guarana, Aroniabeeren bio, Ringelblumenbl\u00fcten bio, Bio-Mate-Tee, Tulsi bio, Kurkumawurzel bio, Guayusa bio, Sencha superior bio, Ginseng bio, Ashwagandha Bio, Rose, Taiga.<\/p>\n<h3>Zubereitung<\/h3>\n<p>1-2 TL\/Tasse, Wasser 150-200 ml., Ziehzeit 6-8 Min.<\/p>\n<p>** Dieser Tee ist nicht geeignet f\u00fcr schwangere Frauen, stillende M\u00fctter und Kinder unter 16 Jahren.<\/p>\n","protected":false},"excerpt":{"rendered":"<p>Beginne deinen Tag mit dem <strong>&#8222;Energy Boost Tea&#8220; &#8211; einem 100% biologischen Tee, <\/strong>vollgepackt\u00a0mit energiereichen Kr\u00e4utern, die auf nat\u00fcrliche Weise deine Energie steigern, deinen Geist sch\u00e4rfen, Stress reduzieren und dein Immunsystem st\u00e4rken.<\/p>\n<p>*** Ist perfekt f\u00fcr alle, die unter Arbeitsstress stehen, zu wenig Ruhe haben, sich auf Pr\u00fcfungen vorbereiten oder eine Erk\u00e4ltung haben.<\/p>\n","protected":false},"featured_media":17100,"comment_status":"open","ping_status":"closed","template":"","meta":[],"product_brand":[],"product_cat":[38],"product_tag":[],"class_list":{"0":"post-5763","1":"product","2":"type-product","3":"status-publish","4":"has-post-thumbnail","6":"product_cat-tee","8":"first","9":"instock","10":"taxable","11":"shipping-taxable","12":"purchasable","13":"product-type-variable","14":"has-default-attributes"},"yoast_head":"<!-- This site is optimized with the Yoast SEO plugin v27.4 - https:\/\/yoast.com\/product\/yoast-seo-wordpress\/ -->\n<title>Bio &quot;Energy Boost Tea&quot; | Swiss Nature Tea<\/title>\n<meta name=\"description\" content=\"Beginne deinen Tag mit dem &quot;Energy Boost Tea&quot; - einem 100% biologischen Tee, vollgepackt\u00a0mit energiereichen Kr\u00e4utern, die auf nat\u00fcrliche Weise deine Energie steigern, deinen Geist sch\u00e4rfen, Stress reduzieren und dein Immunsystem st\u00e4rken.\" \/>\n<meta name=\"robots\" content=\"index, follow, max-snippet:-1, max-image-preview:large, max-video-preview:-1\" \/>\n<link rel=\"canonical\" href=\"https:\/\/www.swissnaturetea.com\/de\/shop\/tee\/energy-boost-tea\/\" \/>\n<meta property=\"og:locale\" content=\"de_DE\" \/>\n<meta property=\"og:type\" content=\"article\" \/>\n<meta property=\"og:title\" content=\"Bio &quot;Energy Boost Tea&quot; | Swiss Nature Tea\" \/>\n<meta property=\"og:description\" content=\"Beginne deinen Tag mit dem &quot;Energy Boost Tea&quot; - einem 100% biologischen Tee, vollgepackt\u00a0mit energiereichen Kr\u00e4utern, die auf nat\u00fcrliche Weise deine Energie steigern, deinen Geist sch\u00e4rfen, Stress reduzieren und dein Immunsystem st\u00e4rken.\" \/>\n<meta property=\"og:url\" content=\"https:\/\/www.swissnaturetea.com\/de\/shop\/tee\/energy-boost-tea\/\" \/>\n<meta property=\"og:site_name\" content=\"Swiss Nature Tea\" \/>\n<meta property=\"article:publisher\" content=\"https:\/\/www.facebook.com\/SwissNatureTea\" \/>\n<meta property=\"article:modified_time\" content=\"2025-06-16T19:05:17+00:00\" \/>\n<meta property=\"og:image\" content=\"https:\/\/www.swissnaturetea.com\/wp-content\/uploads\/sites\/4\/2024\/07\/Energy-Boost-Tea-Photo-1-885x1024.png\" \/>\n\t<meta property=\"og:image:width\" content=\"885\" \/>\n\t<meta property=\"og:image:height\" content=\"1024\" \/>\n\t<meta property=\"og:image:type\" content=\"image\/png\" \/>\n<meta name=\"twitter:card\" content=\"summary_large_image\" \/>\n<meta name=\"twitter:label1\" content=\"Gesch\u00e4tzte Lesezeit\" \/>\n\t<meta name=\"twitter:data1\" content=\"2\u00a0Minuten\" \/>\n<script type=\"application\/ld+json\" class=\"yoast-schema-graph\">{\"@context\":\"https:\\\/\\\/schema.org\",\"@graph\":[{\"@type\":\"WebPage\",\"@id\":\"https:\\\/\\\/www.swissnaturetea.com\\\/de\\\/shop\\\/tee\\\/energy-boost-tea\\\/\",\"url\":\"https:\\\/\\\/www.swissnaturetea.com\\\/de\\\/shop\\\/tee\\\/energy-boost-tea\\\/\",\"name\":\"Bio \\\"Energy Boost Tea\\\" | Swiss Nature Tea\",\"isPartOf\":{\"@id\":\"https:\\\/\\\/www.swissnaturetea.com\\\/de\\\/#website\"},\"primaryImageOfPage\":{\"@id\":\"https:\\\/\\\/www.swissnaturetea.com\\\/de\\\/shop\\\/tee\\\/energy-boost-tea\\\/#primaryimage\"},\"image\":{\"@id\":\"https:\\\/\\\/www.swissnaturetea.com\\\/de\\\/shop\\\/tee\\\/energy-boost-tea\\\/#primaryimage\"},\"thumbnailUrl\":\"https:\\\/\\\/www.swissnaturetea.com\\\/wp-content\\\/uploads\\\/sites\\\/4\\\/2025\\\/02\\\/Energy-Boost-Tea-Photo-2-v4-de.png\",\"datePublished\":\"2024-07-13T18:09:07+00:00\",\"dateModified\":\"2025-06-16T19:05:17+00:00\",\"description\":\"Beginne deinen Tag mit dem \\\"Energy Boost Tea\\\" - einem 100% biologischen Tee, vollgepackt\u00a0mit energiereichen Kr\u00e4utern, die auf nat\u00fcrliche Weise deine Energie steigern, deinen Geist sch\u00e4rfen, Stress reduzieren und dein Immunsystem st\u00e4rken.\",\"breadcrumb\":{\"@id\":\"https:\\\/\\\/www.swissnaturetea.com\\\/de\\\/shop\\\/tee\\\/energy-boost-tea\\\/#breadcrumb\"},\"inLanguage\":\"de\",\"potentialAction\":[{\"@type\":\"ReadAction\",\"target\":[\"https:\\\/\\\/www.swissnaturetea.com\\\/de\\\/shop\\\/tee\\\/energy-boost-tea\\\/\"]}]},{\"@type\":\"ImageObject\",\"inLanguage\":\"de\",\"@id\":\"https:\\\/\\\/www.swissnaturetea.com\\\/de\\\/shop\\\/tee\\\/energy-boost-tea\\\/#primaryimage\",\"url\":\"https:\\\/\\\/www.swissnaturetea.com\\\/wp-content\\\/uploads\\\/sites\\\/4\\\/2025\\\/02\\\/Energy-Boost-Tea-Photo-2-v4-de.png\",\"contentUrl\":\"https:\\\/\\\/www.swissnaturetea.com\\\/wp-content\\\/uploads\\\/sites\\\/4\\\/2025\\\/02\\\/Energy-Boost-Tea-Photo-2-v4-de.png\",\"width\":700,\"height\":700},{\"@type\":\"BreadcrumbList\",\"@id\":\"https:\\\/\\\/www.swissnaturetea.com\\\/de\\\/shop\\\/tee\\\/energy-boost-tea\\\/#breadcrumb\",\"itemListElement\":[{\"@type\":\"ListItem\",\"position\":1,\"name\":\"Home\",\"item\":\"https:\\\/\\\/www.swissnaturetea.com\\\/de\\\/\"},{\"@type\":\"ListItem\",\"position\":2,\"name\":\"Shop\",\"item\":\"https:\\\/\\\/www.swissnaturetea.com\\\/shop\\\/\"},{\"@type\":\"ListItem\",\"position\":3,\"name\":\"Bio &#8220;Energy Boost Tea&#8221;\"}]},{\"@type\":\"WebSite\",\"@id\":\"https:\\\/\\\/www.swissnaturetea.com\\\/de\\\/#website\",\"url\":\"https:\\\/\\\/www.swissnaturetea.com\\\/de\\\/\",\"name\":\"Swiss Nature Tea\",\"description\":\"\",\"publisher\":{\"@id\":\"https:\\\/\\\/www.swissnaturetea.com\\\/de\\\/#organization\"},\"potentialAction\":[{\"@type\":\"SearchAction\",\"target\":{\"@type\":\"EntryPoint\",\"urlTemplate\":\"https:\\\/\\\/www.swissnaturetea.com\\\/de\\\/?s={search_term_string}\"},\"query-input\":{\"@type\":\"PropertyValueSpecification\",\"valueRequired\":true,\"valueName\":\"search_term_string\"}}],\"inLanguage\":\"de\"},{\"@type\":\"Organization\",\"@id\":\"https:\\\/\\\/www.swissnaturetea.com\\\/de\\\/#organization\",\"name\":\"Swiss Nature Tea\",\"url\":\"https:\\\/\\\/www.swissnaturetea.com\\\/de\\\/\",\"logo\":{\"@type\":\"ImageObject\",\"inLanguage\":\"de\",\"@id\":\"https:\\\/\\\/www.swissnaturetea.com\\\/de\\\/#\\\/schema\\\/logo\\\/image\\\/\",\"url\":\"https:\\\/\\\/www.swissnaturetea.com\\\/wp-content\\\/uploads\\\/sites\\\/4\\\/2024\\\/07\\\/logo-1-e1735131919857.png\",\"contentUrl\":\"https:\\\/\\\/www.swissnaturetea.com\\\/wp-content\\\/uploads\\\/sites\\\/4\\\/2024\\\/07\\\/logo-1-e1735131919857.png\",\"width\":150,\"height\":150,\"caption\":\"Swiss Nature Tea\"},\"image\":{\"@id\":\"https:\\\/\\\/www.swissnaturetea.com\\\/de\\\/#\\\/schema\\\/logo\\\/image\\\/\"},\"sameAs\":[\"https:\\\/\\\/www.facebook.com\\\/SwissNatureTea\"]}]}<\/script>\n<!-- \/ Yoast SEO plugin. -->","yoast_head_json":{"title":"Bio \"Energy Boost Tea\" | Swiss Nature Tea","description":"Beginne deinen Tag mit dem \"Energy Boost Tea\" - einem 100% biologischen Tee, vollgepackt\u00a0mit energiereichen Kr\u00e4utern, die auf nat\u00fcrliche Weise deine Energie steigern, deinen Geist sch\u00e4rfen, Stress reduzieren und dein Immunsystem st\u00e4rken.","robots":{"index":"index","follow":"follow","max-snippet":"max-snippet:-1","max-image-preview":"max-image-preview:large","max-video-preview":"max-video-preview:-1"},"canonical":"https:\/\/www.swissnaturetea.com\/de\/shop\/tee\/energy-boost-tea\/","og_locale":"de_DE","og_type":"article","og_title":"Bio \"Energy Boost Tea\" | Swiss Nature Tea","og_description":"Beginne deinen Tag mit dem \"Energy Boost Tea\" - einem 100% biologischen Tee, vollgepackt\u00a0mit energiereichen Kr\u00e4utern, die auf nat\u00fcrliche Weise deine Energie steigern, deinen Geist sch\u00e4rfen, Stress reduzieren und dein Immunsystem st\u00e4rken.","og_url":"https:\/\/www.swissnaturetea.com\/de\/shop\/tee\/energy-boost-tea\/","og_site_name":"Swiss Nature Tea","article_publisher":"https:\/\/www.facebook.com\/SwissNatureTea","article_modified_time":"2025-06-16T19:05:17+00:00","og_image":[{"width":885,"height":1024,"url":"https:\/\/www.swissnaturetea.com\/wp-content\/uploads\/sites\/4\/2024\/07\/Energy-Boost-Tea-Photo-1-885x1024.png","type":"image\/png"}],"twitter_card":"summary_large_image","twitter_misc":{"Gesch\u00e4tzte Lesezeit":"2\u00a0Minuten"},"schema":{"@context":"https:\/\/schema.org","@graph":[{"@type":"WebPage","@id":"https:\/\/www.swissnaturetea.com\/de\/shop\/tee\/energy-boost-tea\/","url":"https:\/\/www.swissnaturetea.com\/de\/shop\/tee\/energy-boost-tea\/","name":"Bio \"Energy Boost Tea\" | Swiss Nature Tea","isPartOf":{"@id":"https:\/\/www.swissnaturetea.com\/de\/#website"},"primaryImageOfPage":{"@id":"https:\/\/www.swissnaturetea.com\/de\/shop\/tee\/energy-boost-tea\/#primaryimage"},"image":{"@id":"https:\/\/www.swissnaturetea.com\/de\/shop\/tee\/energy-boost-tea\/#primaryimage"},"thumbnailUrl":"https:\/\/www.swissnaturetea.com\/wp-content\/uploads\/sites\/4\/2025\/02\/Energy-Boost-Tea-Photo-2-v4-de.png","datePublished":"2024-07-13T18:09:07+00:00","dateModified":"2025-06-16T19:05:17+00:00","description":"Beginne deinen Tag mit dem \"Energy Boost Tea\" - einem 100% biologischen Tee, vollgepackt\u00a0mit energiereichen Kr\u00e4utern, die auf nat\u00fcrliche Weise deine Energie steigern, deinen Geist sch\u00e4rfen, Stress reduzieren und dein Immunsystem st\u00e4rken.","breadcrumb":{"@id":"https:\/\/www.swissnaturetea.com\/de\/shop\/tee\/energy-boost-tea\/#breadcrumb"},"inLanguage":"de","potentialAction":[{"@type":"ReadAction","target":["https:\/\/www.swissnaturetea.com\/de\/shop\/tee\/energy-boost-tea\/"]}]},{"@type":"ImageObject","inLanguage":"de","@id":"https:\/\/www.swissnaturetea.com\/de\/shop\/tee\/energy-boost-tea\/#primaryimage","url":"https:\/\/www.swissnaturetea.com\/wp-content\/uploads\/sites\/4\/2025\/02\/Energy-Boost-Tea-Photo-2-v4-de.png","contentUrl":"https:\/\/www.swissnaturetea.com\/wp-content\/uploads\/sites\/4\/2025\/02\/Energy-Boost-Tea-Photo-2-v4-de.png","width":700,"height":700},{"@type":"BreadcrumbList","@id":"https:\/\/www.swissnaturetea.com\/de\/shop\/tee\/energy-boost-tea\/#breadcrumb","itemListElement":[{"@type":"ListItem","position":1,"name":"Home","item":"https:\/\/www.swissnaturetea.com\/de\/"},{"@type":"ListItem","position":2,"name":"Shop","item":"https:\/\/www.swissnaturetea.com\/shop\/"},{"@type":"ListItem","position":3,"name":"Bio &#8220;Energy Boost Tea&#8221;"}]},{"@type":"WebSite","@id":"https:\/\/www.swissnaturetea.com\/de\/#website","url":"https:\/\/www.swissnaturetea.com\/de\/","name":"Swiss Nature Tea","description":"","publisher":{"@id":"https:\/\/www.swissnaturetea.com\/de\/#organization"},"potentialAction":[{"@type":"SearchAction","target":{"@type":"EntryPoint","urlTemplate":"https:\/\/www.swissnaturetea.com\/de\/?s={search_term_string}"},"query-input":{"@type":"PropertyValueSpecification","valueRequired":true,"valueName":"search_term_string"}}],"inLanguage":"de"},{"@type":"Organization","@id":"https:\/\/www.swissnaturetea.com\/de\/#organization","name":"Swiss Nature Tea","url":"https:\/\/www.swissnaturetea.com\/de\/","logo":{"@type":"ImageObject","inLanguage":"de","@id":"https:\/\/www.swissnaturetea.com\/de\/#\/schema\/logo\/image\/","url":"https:\/\/www.swissnaturetea.com\/wp-content\/uploads\/sites\/4\/2024\/07\/logo-1-e1735131919857.png","contentUrl":"https:\/\/www.swissnaturetea.com\/wp-content\/uploads\/sites\/4\/2024\/07\/logo-1-e1735131919857.png","width":150,"height":150,"caption":"Swiss Nature Tea"},"image":{"@id":"https:\/\/www.swissnaturetea.com\/de\/#\/schema\/logo\/image\/"},"sameAs":["https:\/\/www.facebook.com\/SwissNatureTea"]}]}},"_links":{"self":[{"href":"https:\/\/www.swissnaturetea.com\/de\/wp-json\/wp\/v2\/product\/5763","targetHints":{"allow":["GET"]}}],"collection":[{"href":"https:\/\/www.swissnaturetea.com\/de\/wp-json\/wp\/v2\/product"}],"about":[{"href":"https:\/\/www.swissnaturetea.com\/de\/wp-json\/wp\/v2\/types\/product"}],"replies":[{"embeddable":true,"href":"https:\/\/www.swissnaturetea.com\/de\/wp-json\/wp\/v2\/comments?post=5763"}],"wp:featuredmedia":[{"embeddable":true,"href":"https:\/\/www.swissnaturetea.com\/de\/wp-json\/wp\/v2\/media\/17100"}],"wp:attachment":[{"href":"https:\/\/www.swissnaturetea.com\/de\/wp-json\/wp\/v2\/media?parent=5763"}],"wp:term":[{"taxonomy":"product_brand","embeddable":true,"href":"https:\/\/www.swissnaturetea.com\/de\/wp-json\/wp\/v2\/product_brand?post=5763"},{"taxonomy":"product_cat","embeddable":true,"href":"https:\/\/www.swissnaturetea.com\/de\/wp-json\/wp\/v2\/product_cat?post=5763"},{"taxonomy":"product_tag","embeddable":true,"href":"https:\/\/www.swissnaturetea.com\/de\/wp-json\/wp\/v2\/product_tag?post=5763"}],"curies":[{"name":"wp","href":"https:\/\/api.w.org\/{rel}","templated":true}]}}