{"id":5652,"date":"2024-07-13T20:11:21","date_gmt":"2024-07-13T18:11:21","guid":{"rendered":"https:\/\/www.swissnaturetea.com\/shop\/unkategorisiert\/organic-sleep-well-tea-plus\/"},"modified":"2025-06-16T20:52:58","modified_gmt":"2025-06-16T18:52:58","slug":"sleep-well-tea-plus","status":"publish","type":"product","link":"https:\/\/www.swissnaturetea.com\/de\/shop\/tee\/sleep-well-tea-plus\/","title":{"rendered":"Bio &#8222;Sleep Well Tea Plus&#8220;"},"content":{"rendered":"<p>Mit 100% biologischen und hochwertigen Zutaten f\u00fcr beste Ergebnisse.<\/p>\n<p><strong>\u2705 <\/strong><strong>Menschen, die Probleme mit dem Schlafen haben<br \/>\n<\/strong><strong>\u2705\u00a0<\/strong><strong>Menschen, die unter Angst, Stress oder Depressionen leiden<\/strong><strong><br \/>\n<\/strong><strong>\u2705\u00a0<\/strong><strong>St\u00e4rkung der k\u00f6rpereigenen Immunit\u00e4t zur Bek\u00e4mpfung von Erk\u00e4ltungen und zur Vorbeugung von Allergieausbr\u00fcchen<\/strong><strong><br \/>\n<\/strong><strong>\u2705\u00a0<\/strong><strong>Unterst\u00fctzung des Verdauungssystems<\/strong><strong><br \/>\n<\/strong><strong>\u2705\u00a0<\/strong><strong>Autoimmunerkrankungen der Schilddr\u00fcse<\/strong><\/p>\n<p><strong>Wann<\/strong>: Trinke eine Tasse 1 Stunde vor dem Schlafengehen, um K\u00f6rper und Geist auf nat\u00fcrliche Weise zu entspannen und die Qualit\u00e4t Ihres Schlafes zu verbessern.<\/p>\n<h3>Vorteile<\/h3>\n<p><strong>Baldrianwurzel und Passionsblume:<\/strong> tragen zu einem Gef\u00fchl der Ruhe und Entspannung bei Schlafst\u00f6rungen oder chronischer M\u00fcdigkeit bei und erm\u00f6glichen einen besseren und l\u00e4ngeren Schlaf. Sie helfen auch bei Depressionen, indem sie \u00c4ngste und psychischen Stress abbauen.<\/p>\n<p><strong>Anis:<\/strong> f\u00f6rdert die K\u00f6rperw\u00e4rme, unterst\u00fctzt die Verdauung, lindert Kr\u00e4mpfe oder Taubheitsgef\u00fchle in den Hand- und Fu\u00dfgelenken, f\u00f6rdert die Milchbildung bei Frauen nach der Geburt, st\u00e4rkt das Immunsystem.<\/p>\n<p><strong>Melissen:<\/strong> hilft, besser zu schlafen, reduziert Bl\u00e4hungen und senkt effektiv den Cortisolspiegel (das Stresshormon) im Blut.<\/p>\n<p><strong>Rosmarin:<\/strong> er enth\u00e4lt eine Substanz namens Carnosins\u00e4ure, die Durchblutung der Gehirnzellen verbessert, die Stimmung reguliert, die Gehirnfunktion und das Ged\u00e4chtnis verbessert.<\/p>\n<p><strong>K\u00fcmmel:<\/strong> enth\u00e4lt eine Vielzahl von Vitaminen und Mineralien wie Ballaststoffe, Eisen, Zink, Eugenol, Phenol und Thymol mit antibakterieller Wirkung sowie Antioxidantien wie Limonen und Carvon, die die Funktion des Immunsystems st\u00e4rken und das Wachstum von Krebszellen hemmen oder verlangsamen.<\/p>\n<h3>Zutaten<\/h3>\n<p>Baldrianwurzel, Passionsblumenkraut, Melissen, Pfefferminz, Fenchel, K\u00fcmmel, Anis, Hagebutten, Rosmarin, Ringelblumen.<\/p>\n<h3>Zubereitung<\/h3>\n<p>1-2 TL\/Tasse, Wasser 150-200 ml., Ziehzeit 6-8 Min.<\/p>\n","protected":false},"excerpt":{"rendered":"<p>Entspanne und bereite dich auf eine erholsame Nacht vor mit <b><strong>\u201eSleep Well Tea Plus\u201c &#8211; einem koffeinfreien Tee,<\/strong><\/b> der entspannt, \u00c4ngste abbaut und einen tiefen, erholsamen Schlaf erm\u00f6glicht. Wache erfrischt und energiegeladen auf und unterst\u00fctzt dein Immunsystem.<\/p>\n<p>Qualitativer Schlaf ist f\u00fcr ein starkes Immunsystem unerl\u00e4sslich, und <i><em>&#8222;Sleep Well Tea Plus<\/em><\/i> \u201c ist die perfekte Wahl f\u00fcr Sie.<\/p>\n","protected":false},"featured_media":17102,"comment_status":"open","ping_status":"closed","template":"","meta":[],"product_brand":[],"product_cat":[38],"product_tag":[],"class_list":{"0":"post-5652","1":"product","2":"type-product","3":"status-publish","4":"has-post-thumbnail","6":"product_cat-tee","8":"first","9":"instock","10":"taxable","11":"shipping-taxable","12":"purchasable","13":"product-type-variable","14":"has-default-attributes"},"yoast_head":"<!-- This site is optimized with the Yoast SEO plugin v27.4 - https:\/\/yoast.com\/product\/yoast-seo-wordpress\/ -->\n<title>Bio &quot;Sleep Well Tea Plus&quot; | Swiss Nature Tea<\/title>\n<meta name=\"description\" content=\"Entspanne und bereite dich auf eine erholsame Nacht vor mit \u201eSleep Well Tea Plus\u201c - einem koffeinfreien Tee, der entspannt, \u00c4ngste abbaut und einen tiefen, erholsamen Schlaf erm\u00f6glicht. Wache erfrischt und energiegeladen auf und unterst\u00fctzt dein Immunsystem.\" \/>\n<meta name=\"robots\" content=\"index, follow, max-snippet:-1, max-image-preview:large, max-video-preview:-1\" \/>\n<link rel=\"canonical\" href=\"https:\/\/www.swissnaturetea.com\/de\/shop\/tee\/sleep-well-tea-plus\/\" \/>\n<meta property=\"og:locale\" content=\"de_DE\" \/>\n<meta property=\"og:type\" content=\"article\" \/>\n<meta property=\"og:title\" content=\"Bio &quot;Sleep Well Tea Plus&quot; | Swiss Nature Tea\" \/>\n<meta property=\"og:description\" content=\"Entspanne und bereite dich auf eine erholsame Nacht vor mit \u201eSleep Well Tea Plus\u201c - einem koffeinfreien Tee, der entspannt, \u00c4ngste abbaut und einen tiefen, erholsamen Schlaf erm\u00f6glicht. Wache erfrischt und energiegeladen auf und unterst\u00fctzt dein Immunsystem.\" \/>\n<meta property=\"og:url\" content=\"https:\/\/www.swissnaturetea.com\/de\/shop\/tee\/sleep-well-tea-plus\/\" \/>\n<meta property=\"og:site_name\" content=\"Swiss Nature Tea\" \/>\n<meta property=\"article:publisher\" content=\"https:\/\/www.facebook.com\/SwissNatureTea\" \/>\n<meta property=\"article:modified_time\" content=\"2025-06-16T18:52:58+00:00\" \/>\n<meta property=\"og:image\" content=\"https:\/\/www.swissnaturetea.com\/wp-content\/uploads\/sites\/4\/2025\/02\/Sleep-Well-Tea-Plus-Photo-4-v3-de.png\" \/>\n\t<meta property=\"og:image:width\" content=\"700\" \/>\n\t<meta property=\"og:image:height\" content=\"700\" \/>\n\t<meta property=\"og:image:type\" content=\"image\/png\" \/>\n<meta name=\"twitter:card\" content=\"summary_large_image\" \/>\n<meta name=\"twitter:label1\" content=\"Gesch\u00e4tzte Lesezeit\" \/>\n\t<meta name=\"twitter:data1\" content=\"2\u00a0Minuten\" \/>\n<script type=\"application\/ld+json\" class=\"yoast-schema-graph\">{\"@context\":\"https:\\\/\\\/schema.org\",\"@graph\":[{\"@type\":\"WebPage\",\"@id\":\"https:\\\/\\\/www.swissnaturetea.com\\\/de\\\/shop\\\/tee\\\/sleep-well-tea-plus\\\/\",\"url\":\"https:\\\/\\\/www.swissnaturetea.com\\\/de\\\/shop\\\/tee\\\/sleep-well-tea-plus\\\/\",\"name\":\"Bio \\\"Sleep Well Tea Plus\\\" | Swiss Nature Tea\",\"isPartOf\":{\"@id\":\"https:\\\/\\\/www.swissnaturetea.com\\\/de\\\/#website\"},\"primaryImageOfPage\":{\"@id\":\"https:\\\/\\\/www.swissnaturetea.com\\\/de\\\/shop\\\/tee\\\/sleep-well-tea-plus\\\/#primaryimage\"},\"image\":{\"@id\":\"https:\\\/\\\/www.swissnaturetea.com\\\/de\\\/shop\\\/tee\\\/sleep-well-tea-plus\\\/#primaryimage\"},\"thumbnailUrl\":\"https:\\\/\\\/www.swissnaturetea.com\\\/wp-content\\\/uploads\\\/sites\\\/4\\\/2025\\\/02\\\/Sleep-Well-Tea-Plus-Photo-4-v3-de.png\",\"datePublished\":\"2024-07-13T18:11:21+00:00\",\"dateModified\":\"2025-06-16T18:52:58+00:00\",\"description\":\"Entspanne und bereite dich auf eine erholsame Nacht vor mit \u201eSleep Well Tea Plus\u201c - einem koffeinfreien Tee, der entspannt, \u00c4ngste abbaut und einen tiefen, erholsamen Schlaf erm\u00f6glicht. Wache erfrischt und energiegeladen auf und unterst\u00fctzt dein Immunsystem.\",\"breadcrumb\":{\"@id\":\"https:\\\/\\\/www.swissnaturetea.com\\\/de\\\/shop\\\/tee\\\/sleep-well-tea-plus\\\/#breadcrumb\"},\"inLanguage\":\"de\",\"potentialAction\":[{\"@type\":\"ReadAction\",\"target\":[\"https:\\\/\\\/www.swissnaturetea.com\\\/de\\\/shop\\\/tee\\\/sleep-well-tea-plus\\\/\"]}]},{\"@type\":\"ImageObject\",\"inLanguage\":\"de\",\"@id\":\"https:\\\/\\\/www.swissnaturetea.com\\\/de\\\/shop\\\/tee\\\/sleep-well-tea-plus\\\/#primaryimage\",\"url\":\"https:\\\/\\\/www.swissnaturetea.com\\\/wp-content\\\/uploads\\\/sites\\\/4\\\/2025\\\/02\\\/Sleep-Well-Tea-Plus-Photo-4-v3-de.png\",\"contentUrl\":\"https:\\\/\\\/www.swissnaturetea.com\\\/wp-content\\\/uploads\\\/sites\\\/4\\\/2025\\\/02\\\/Sleep-Well-Tea-Plus-Photo-4-v3-de.png\",\"width\":700,\"height\":700},{\"@type\":\"BreadcrumbList\",\"@id\":\"https:\\\/\\\/www.swissnaturetea.com\\\/de\\\/shop\\\/tee\\\/sleep-well-tea-plus\\\/#breadcrumb\",\"itemListElement\":[{\"@type\":\"ListItem\",\"position\":1,\"name\":\"Home\",\"item\":\"https:\\\/\\\/www.swissnaturetea.com\\\/de\\\/\"},{\"@type\":\"ListItem\",\"position\":2,\"name\":\"Shop\",\"item\":\"https:\\\/\\\/www.swissnaturetea.com\\\/shop\\\/\"},{\"@type\":\"ListItem\",\"position\":3,\"name\":\"Bio &#8220;Sleep Well Tea Plus&#8221;\"}]},{\"@type\":\"WebSite\",\"@id\":\"https:\\\/\\\/www.swissnaturetea.com\\\/de\\\/#website\",\"url\":\"https:\\\/\\\/www.swissnaturetea.com\\\/de\\\/\",\"name\":\"Swiss Nature Tea\",\"description\":\"\",\"publisher\":{\"@id\":\"https:\\\/\\\/www.swissnaturetea.com\\\/de\\\/#organization\"},\"potentialAction\":[{\"@type\":\"SearchAction\",\"target\":{\"@type\":\"EntryPoint\",\"urlTemplate\":\"https:\\\/\\\/www.swissnaturetea.com\\\/de\\\/?s={search_term_string}\"},\"query-input\":{\"@type\":\"PropertyValueSpecification\",\"valueRequired\":true,\"valueName\":\"search_term_string\"}}],\"inLanguage\":\"de\"},{\"@type\":\"Organization\",\"@id\":\"https:\\\/\\\/www.swissnaturetea.com\\\/de\\\/#organization\",\"name\":\"Swiss Nature Tea\",\"url\":\"https:\\\/\\\/www.swissnaturetea.com\\\/de\\\/\",\"logo\":{\"@type\":\"ImageObject\",\"inLanguage\":\"de\",\"@id\":\"https:\\\/\\\/www.swissnaturetea.com\\\/de\\\/#\\\/schema\\\/logo\\\/image\\\/\",\"url\":\"https:\\\/\\\/www.swissnaturetea.com\\\/wp-content\\\/uploads\\\/sites\\\/4\\\/2024\\\/07\\\/logo-1-e1735131919857.png\",\"contentUrl\":\"https:\\\/\\\/www.swissnaturetea.com\\\/wp-content\\\/uploads\\\/sites\\\/4\\\/2024\\\/07\\\/logo-1-e1735131919857.png\",\"width\":150,\"height\":150,\"caption\":\"Swiss Nature Tea\"},\"image\":{\"@id\":\"https:\\\/\\\/www.swissnaturetea.com\\\/de\\\/#\\\/schema\\\/logo\\\/image\\\/\"},\"sameAs\":[\"https:\\\/\\\/www.facebook.com\\\/SwissNatureTea\"]}]}<\/script>\n<!-- \/ Yoast SEO plugin. -->","yoast_head_json":{"title":"Bio \"Sleep Well Tea Plus\" | Swiss Nature Tea","description":"Entspanne und bereite dich auf eine erholsame Nacht vor mit \u201eSleep Well Tea Plus\u201c - einem koffeinfreien Tee, der entspannt, \u00c4ngste abbaut und einen tiefen, erholsamen Schlaf erm\u00f6glicht. Wache erfrischt und energiegeladen auf und unterst\u00fctzt dein Immunsystem.","robots":{"index":"index","follow":"follow","max-snippet":"max-snippet:-1","max-image-preview":"max-image-preview:large","max-video-preview":"max-video-preview:-1"},"canonical":"https:\/\/www.swissnaturetea.com\/de\/shop\/tee\/sleep-well-tea-plus\/","og_locale":"de_DE","og_type":"article","og_title":"Bio \"Sleep Well Tea Plus\" | Swiss Nature Tea","og_description":"Entspanne und bereite dich auf eine erholsame Nacht vor mit \u201eSleep Well Tea Plus\u201c - einem koffeinfreien Tee, der entspannt, \u00c4ngste abbaut und einen tiefen, erholsamen Schlaf erm\u00f6glicht. Wache erfrischt und energiegeladen auf und unterst\u00fctzt dein Immunsystem.","og_url":"https:\/\/www.swissnaturetea.com\/de\/shop\/tee\/sleep-well-tea-plus\/","og_site_name":"Swiss Nature Tea","article_publisher":"https:\/\/www.facebook.com\/SwissNatureTea","article_modified_time":"2025-06-16T18:52:58+00:00","og_image":[{"width":700,"height":700,"url":"https:\/\/www.swissnaturetea.com\/wp-content\/uploads\/sites\/4\/2025\/02\/Sleep-Well-Tea-Plus-Photo-4-v3-de.png","type":"image\/png"}],"twitter_card":"summary_large_image","twitter_misc":{"Gesch\u00e4tzte Lesezeit":"2\u00a0Minuten"},"schema":{"@context":"https:\/\/schema.org","@graph":[{"@type":"WebPage","@id":"https:\/\/www.swissnaturetea.com\/de\/shop\/tee\/sleep-well-tea-plus\/","url":"https:\/\/www.swissnaturetea.com\/de\/shop\/tee\/sleep-well-tea-plus\/","name":"Bio \"Sleep Well Tea Plus\" | Swiss Nature Tea","isPartOf":{"@id":"https:\/\/www.swissnaturetea.com\/de\/#website"},"primaryImageOfPage":{"@id":"https:\/\/www.swissnaturetea.com\/de\/shop\/tee\/sleep-well-tea-plus\/#primaryimage"},"image":{"@id":"https:\/\/www.swissnaturetea.com\/de\/shop\/tee\/sleep-well-tea-plus\/#primaryimage"},"thumbnailUrl":"https:\/\/www.swissnaturetea.com\/wp-content\/uploads\/sites\/4\/2025\/02\/Sleep-Well-Tea-Plus-Photo-4-v3-de.png","datePublished":"2024-07-13T18:11:21+00:00","dateModified":"2025-06-16T18:52:58+00:00","description":"Entspanne und bereite dich auf eine erholsame Nacht vor mit \u201eSleep Well Tea Plus\u201c - einem koffeinfreien Tee, der entspannt, \u00c4ngste abbaut und einen tiefen, erholsamen Schlaf erm\u00f6glicht. Wache erfrischt und energiegeladen auf und unterst\u00fctzt dein Immunsystem.","breadcrumb":{"@id":"https:\/\/www.swissnaturetea.com\/de\/shop\/tee\/sleep-well-tea-plus\/#breadcrumb"},"inLanguage":"de","potentialAction":[{"@type":"ReadAction","target":["https:\/\/www.swissnaturetea.com\/de\/shop\/tee\/sleep-well-tea-plus\/"]}]},{"@type":"ImageObject","inLanguage":"de","@id":"https:\/\/www.swissnaturetea.com\/de\/shop\/tee\/sleep-well-tea-plus\/#primaryimage","url":"https:\/\/www.swissnaturetea.com\/wp-content\/uploads\/sites\/4\/2025\/02\/Sleep-Well-Tea-Plus-Photo-4-v3-de.png","contentUrl":"https:\/\/www.swissnaturetea.com\/wp-content\/uploads\/sites\/4\/2025\/02\/Sleep-Well-Tea-Plus-Photo-4-v3-de.png","width":700,"height":700},{"@type":"BreadcrumbList","@id":"https:\/\/www.swissnaturetea.com\/de\/shop\/tee\/sleep-well-tea-plus\/#breadcrumb","itemListElement":[{"@type":"ListItem","position":1,"name":"Home","item":"https:\/\/www.swissnaturetea.com\/de\/"},{"@type":"ListItem","position":2,"name":"Shop","item":"https:\/\/www.swissnaturetea.com\/shop\/"},{"@type":"ListItem","position":3,"name":"Bio &#8220;Sleep Well Tea Plus&#8221;"}]},{"@type":"WebSite","@id":"https:\/\/www.swissnaturetea.com\/de\/#website","url":"https:\/\/www.swissnaturetea.com\/de\/","name":"Swiss Nature Tea","description":"","publisher":{"@id":"https:\/\/www.swissnaturetea.com\/de\/#organization"},"potentialAction":[{"@type":"SearchAction","target":{"@type":"EntryPoint","urlTemplate":"https:\/\/www.swissnaturetea.com\/de\/?s={search_term_string}"},"query-input":{"@type":"PropertyValueSpecification","valueRequired":true,"valueName":"search_term_string"}}],"inLanguage":"de"},{"@type":"Organization","@id":"https:\/\/www.swissnaturetea.com\/de\/#organization","name":"Swiss Nature Tea","url":"https:\/\/www.swissnaturetea.com\/de\/","logo":{"@type":"ImageObject","inLanguage":"de","@id":"https:\/\/www.swissnaturetea.com\/de\/#\/schema\/logo\/image\/","url":"https:\/\/www.swissnaturetea.com\/wp-content\/uploads\/sites\/4\/2024\/07\/logo-1-e1735131919857.png","contentUrl":"https:\/\/www.swissnaturetea.com\/wp-content\/uploads\/sites\/4\/2024\/07\/logo-1-e1735131919857.png","width":150,"height":150,"caption":"Swiss Nature Tea"},"image":{"@id":"https:\/\/www.swissnaturetea.com\/de\/#\/schema\/logo\/image\/"},"sameAs":["https:\/\/www.facebook.com\/SwissNatureTea"]}]}},"_links":{"self":[{"href":"https:\/\/www.swissnaturetea.com\/de\/wp-json\/wp\/v2\/product\/5652","targetHints":{"allow":["GET"]}}],"collection":[{"href":"https:\/\/www.swissnaturetea.com\/de\/wp-json\/wp\/v2\/product"}],"about":[{"href":"https:\/\/www.swissnaturetea.com\/de\/wp-json\/wp\/v2\/types\/product"}],"replies":[{"embeddable":true,"href":"https:\/\/www.swissnaturetea.com\/de\/wp-json\/wp\/v2\/comments?post=5652"}],"wp:featuredmedia":[{"embeddable":true,"href":"https:\/\/www.swissnaturetea.com\/de\/wp-json\/wp\/v2\/media\/17102"}],"wp:attachment":[{"href":"https:\/\/www.swissnaturetea.com\/de\/wp-json\/wp\/v2\/media?parent=5652"}],"wp:term":[{"taxonomy":"product_brand","embeddable":true,"href":"https:\/\/www.swissnaturetea.com\/de\/wp-json\/wp\/v2\/product_brand?post=5652"},{"taxonomy":"product_cat","embeddable":true,"href":"https:\/\/www.swissnaturetea.com\/de\/wp-json\/wp\/v2\/product_cat?post=5652"},{"taxonomy":"product_tag","embeddable":true,"href":"https:\/\/www.swissnaturetea.com\/de\/wp-json\/wp\/v2\/product_tag?post=5652"}],"curies":[{"name":"wp","href":"https:\/\/api.w.org\/{rel}","templated":true}]}}