{"id":5528,"date":"2024-07-12T15:48:24","date_gmt":"2024-07-12T13:48:24","guid":{"rendered":"https:\/\/www.swissnaturetea.com\/shop\/unkategorisiert\/organic-wellness-tea-plus\/"},"modified":"2025-06-16T20:42:58","modified_gmt":"2025-06-16T18:42:58","slug":"wellness-tea-plus","status":"publish","type":"product","link":"https:\/\/www.swissnaturetea.com\/de\/shop\/tee\/wellness-tea-plus\/","title":{"rendered":"Bio &#8222;Wellness Tea Plus&#8220;"},"content":{"rendered":"<p>Mit 100% biologischen und hochwertigen Zutaten f\u00fcr beste Ergebnisse.<\/p>\n<p>\u2705<strong>Beseitigt Bl\u00e4hbauch<br \/>\n<\/strong>\u2705<strong>Steigert den Stoffwechsel<br \/>\n<\/strong>\u2705<strong>Entfernt Gifte aus dem K\u00f6rper <\/strong><\/p>\n<p><b><strong>Wann:<\/strong><\/b> Trinke eine Tasse am Morgen oder am Nachmittag, vor allem zwischen den Mahlzeiten. Es hilft, den nat\u00fcrlichen Rhythmus des K\u00f6rpers auszugleichen und das Wohlbefinden zu f\u00f6rdern.<\/p>\n<h3>Vorteile<\/h3>\n<p><strong>Hagebutten:<\/strong> Sie sind eine Quelle von Vitamin C und nat\u00fcrlichen Antioxidantien und bieten zahlreiche Gesundheitsvorteile, wie Gewichtsreduktion, Hautpflege, Vorbeugung von Herzerkrankungen und Krebs, Unterst\u00fctzung der Verdauung, F\u00f6rderung der Augengesundheit und Linderung von Menstruationsbeschwerden.<\/p>\n<p><strong>Pfefferminze und Verveine:<\/strong> hilft bei der Verdauung, st\u00e4rkt das Immunsystem, bek\u00e4mpft Viren und unterst\u00fctzt das Atmungssystem.<\/p>\n<p><strong>Kamille: <\/strong>entspannt die Muskeln, f\u00f6rdert den Schlaf und reduziert Entz\u00fcndungen.<\/p>\n<p><strong>Lindenbl\u00fcte:<\/strong> Mit ihrem niedrigen Kaloriengehalt, dem hohen Ballaststoffanteil und einer Vielzahl von Vitaminen ist sie hervorragend f\u00fcr die Gewichtsreduktion, hilft Stress abzubauen.<\/p>\n<h3>Zutaten<\/h3>\n<p>Lindenbl\u00fcten, Kamille, Fenchel, Pfefferminze, Ringelblumen, Hagebutte, Verveine<\/p>\n<h3>Zubereitung<\/h3>\n<p>1-2 TL\/Tasse, Wasser 150-200 ml., Ziehzeit 6-8 Min.<br \/>\nWenn du dein Gewicht reduzieren willst, solltest du keinen Zucker hinzuf\u00fcgen.<\/p>\n","protected":false},"excerpt":{"rendered":"<p>Bleibe den ganzen Tag \u00fcber im Gleichgewicht mit <b><strong>\u201eWellness Tea Plus\u201c &#8211; einer koffeinfreien, 100 % biologischen<\/strong><\/b> <strong>Mischung<\/strong>, die reich an Antioxidantien ist, um die Verdauung, das Immunsystem und die Gewichtsabnahme zu unterst\u00fctzen, damit du dich jederzeit leicht, erfrischt und energiegeladen f\u00fchlst.<\/p>\n","protected":false},"featured_media":17099,"comment_status":"open","ping_status":"closed","template":"","meta":[],"product_brand":[],"product_cat":[38],"product_tag":[],"class_list":{"0":"post-5528","1":"product","2":"type-product","3":"status-publish","4":"has-post-thumbnail","6":"product_cat-tee","8":"first","9":"instock","10":"taxable","11":"shipping-taxable","12":"purchasable","13":"product-type-variable","14":"has-default-attributes"},"yoast_head":"<!-- This site is optimized with the Yoast SEO plugin v27.4 - https:\/\/yoast.com\/product\/yoast-seo-wordpress\/ -->\n<title>Bio &quot;Wellness Tea Plus&quot; | Swiss Nature Tea<\/title>\n<meta name=\"description\" content=\"Bleibe den ganzen Tag \u00fcber im Gleichgewicht mit \u201eWellness Tea Plus\u201c - einer koffeinfreien, 100 % biologischen Mischung, die reich an Antioxidantien ist, um die Verdauung, das Immunsystem und die Gewichtsabnahme zu unterst\u00fctzen, damit du dich jederzeit leicht, erfrischt und energiegeladen f\u00fchlst.\" \/>\n<meta name=\"robots\" content=\"index, follow, max-snippet:-1, max-image-preview:large, max-video-preview:-1\" \/>\n<link rel=\"canonical\" href=\"https:\/\/www.swissnaturetea.com\/de\/shop\/tee\/wellness-tea-plus\/\" \/>\n<meta property=\"og:locale\" content=\"de_DE\" \/>\n<meta property=\"og:type\" content=\"article\" \/>\n<meta property=\"og:title\" content=\"Bio &quot;Wellness Tea Plus&quot; | Swiss Nature Tea\" \/>\n<meta property=\"og:description\" content=\"Bleibe den ganzen Tag \u00fcber im Gleichgewicht mit \u201eWellness Tea Plus\u201c - einer koffeinfreien, 100 % biologischen Mischung, die reich an Antioxidantien ist, um die Verdauung, das Immunsystem und die Gewichtsabnahme zu unterst\u00fctzen, damit du dich jederzeit leicht, erfrischt und energiegeladen f\u00fchlst.\" \/>\n<meta property=\"og:url\" content=\"https:\/\/www.swissnaturetea.com\/de\/shop\/tee\/wellness-tea-plus\/\" \/>\n<meta property=\"og:site_name\" content=\"Swiss Nature Tea\" \/>\n<meta property=\"article:publisher\" content=\"https:\/\/www.facebook.com\/SwissNatureTea\" \/>\n<meta property=\"article:modified_time\" content=\"2025-06-16T18:42:58+00:00\" \/>\n<meta property=\"og:image\" content=\"https:\/\/www.swissnaturetea.com\/wp-content\/uploads\/sites\/4\/2024\/07\/Wellness-Tea-Plus-Photo-1-1024x1024.png\" \/>\n\t<meta property=\"og:image:width\" content=\"1024\" \/>\n\t<meta property=\"og:image:height\" content=\"1024\" \/>\n\t<meta property=\"og:image:type\" content=\"image\/png\" \/>\n<meta name=\"twitter:card\" content=\"summary_large_image\" \/>\n<meta name=\"twitter:label1\" content=\"Gesch\u00e4tzte Lesezeit\" \/>\n\t<meta name=\"twitter:data1\" content=\"2\u00a0Minuten\" \/>\n<script type=\"application\/ld+json\" class=\"yoast-schema-graph\">{\"@context\":\"https:\\\/\\\/schema.org\",\"@graph\":[{\"@type\":\"WebPage\",\"@id\":\"https:\\\/\\\/www.swissnaturetea.com\\\/de\\\/shop\\\/tee\\\/wellness-tea-plus\\\/\",\"url\":\"https:\\\/\\\/www.swissnaturetea.com\\\/de\\\/shop\\\/tee\\\/wellness-tea-plus\\\/\",\"name\":\"Bio \\\"Wellness Tea Plus\\\" | Swiss Nature Tea\",\"isPartOf\":{\"@id\":\"https:\\\/\\\/www.swissnaturetea.com\\\/de\\\/#website\"},\"primaryImageOfPage\":{\"@id\":\"https:\\\/\\\/www.swissnaturetea.com\\\/de\\\/shop\\\/tee\\\/wellness-tea-plus\\\/#primaryimage\"},\"image\":{\"@id\":\"https:\\\/\\\/www.swissnaturetea.com\\\/de\\\/shop\\\/tee\\\/wellness-tea-plus\\\/#primaryimage\"},\"thumbnailUrl\":\"https:\\\/\\\/www.swissnaturetea.com\\\/wp-content\\\/uploads\\\/sites\\\/4\\\/2025\\\/02\\\/Wellness-Tea-Plus-Photo-4-v3-de.png\",\"datePublished\":\"2024-07-12T13:48:24+00:00\",\"dateModified\":\"2025-06-16T18:42:58+00:00\",\"description\":\"Bleibe den ganzen Tag \u00fcber im Gleichgewicht mit \u201eWellness Tea Plus\u201c - einer koffeinfreien, 100 % biologischen Mischung, die reich an Antioxidantien ist, um die Verdauung, das Immunsystem und die Gewichtsabnahme zu unterst\u00fctzen, damit du dich jederzeit leicht, erfrischt und energiegeladen f\u00fchlst.\",\"breadcrumb\":{\"@id\":\"https:\\\/\\\/www.swissnaturetea.com\\\/de\\\/shop\\\/tee\\\/wellness-tea-plus\\\/#breadcrumb\"},\"inLanguage\":\"de\",\"potentialAction\":[{\"@type\":\"ReadAction\",\"target\":[\"https:\\\/\\\/www.swissnaturetea.com\\\/de\\\/shop\\\/tee\\\/wellness-tea-plus\\\/\"]}]},{\"@type\":\"ImageObject\",\"inLanguage\":\"de\",\"@id\":\"https:\\\/\\\/www.swissnaturetea.com\\\/de\\\/shop\\\/tee\\\/wellness-tea-plus\\\/#primaryimage\",\"url\":\"https:\\\/\\\/www.swissnaturetea.com\\\/wp-content\\\/uploads\\\/sites\\\/4\\\/2025\\\/02\\\/Wellness-Tea-Plus-Photo-4-v3-de.png\",\"contentUrl\":\"https:\\\/\\\/www.swissnaturetea.com\\\/wp-content\\\/uploads\\\/sites\\\/4\\\/2025\\\/02\\\/Wellness-Tea-Plus-Photo-4-v3-de.png\",\"width\":700,\"height\":700},{\"@type\":\"BreadcrumbList\",\"@id\":\"https:\\\/\\\/www.swissnaturetea.com\\\/de\\\/shop\\\/tee\\\/wellness-tea-plus\\\/#breadcrumb\",\"itemListElement\":[{\"@type\":\"ListItem\",\"position\":1,\"name\":\"Home\",\"item\":\"https:\\\/\\\/www.swissnaturetea.com\\\/de\\\/\"},{\"@type\":\"ListItem\",\"position\":2,\"name\":\"Shop\",\"item\":\"https:\\\/\\\/www.swissnaturetea.com\\\/shop\\\/\"},{\"@type\":\"ListItem\",\"position\":3,\"name\":\"Bio &#8220;Wellness Tea Plus&#8221;\"}]},{\"@type\":\"WebSite\",\"@id\":\"https:\\\/\\\/www.swissnaturetea.com\\\/de\\\/#website\",\"url\":\"https:\\\/\\\/www.swissnaturetea.com\\\/de\\\/\",\"name\":\"Swiss Nature Tea\",\"description\":\"\",\"publisher\":{\"@id\":\"https:\\\/\\\/www.swissnaturetea.com\\\/de\\\/#organization\"},\"potentialAction\":[{\"@type\":\"SearchAction\",\"target\":{\"@type\":\"EntryPoint\",\"urlTemplate\":\"https:\\\/\\\/www.swissnaturetea.com\\\/de\\\/?s={search_term_string}\"},\"query-input\":{\"@type\":\"PropertyValueSpecification\",\"valueRequired\":true,\"valueName\":\"search_term_string\"}}],\"inLanguage\":\"de\"},{\"@type\":\"Organization\",\"@id\":\"https:\\\/\\\/www.swissnaturetea.com\\\/de\\\/#organization\",\"name\":\"Swiss Nature Tea\",\"url\":\"https:\\\/\\\/www.swissnaturetea.com\\\/de\\\/\",\"logo\":{\"@type\":\"ImageObject\",\"inLanguage\":\"de\",\"@id\":\"https:\\\/\\\/www.swissnaturetea.com\\\/de\\\/#\\\/schema\\\/logo\\\/image\\\/\",\"url\":\"https:\\\/\\\/www.swissnaturetea.com\\\/wp-content\\\/uploads\\\/sites\\\/4\\\/2024\\\/07\\\/logo-1-e1735131919857.png\",\"contentUrl\":\"https:\\\/\\\/www.swissnaturetea.com\\\/wp-content\\\/uploads\\\/sites\\\/4\\\/2024\\\/07\\\/logo-1-e1735131919857.png\",\"width\":150,\"height\":150,\"caption\":\"Swiss Nature Tea\"},\"image\":{\"@id\":\"https:\\\/\\\/www.swissnaturetea.com\\\/de\\\/#\\\/schema\\\/logo\\\/image\\\/\"},\"sameAs\":[\"https:\\\/\\\/www.facebook.com\\\/SwissNatureTea\"]}]}<\/script>\n<!-- \/ Yoast SEO plugin. -->","yoast_head_json":{"title":"Bio \"Wellness Tea Plus\" | Swiss Nature Tea","description":"Bleibe den ganzen Tag \u00fcber im Gleichgewicht mit \u201eWellness Tea Plus\u201c - einer koffeinfreien, 100 % biologischen Mischung, die reich an Antioxidantien ist, um die Verdauung, das Immunsystem und die Gewichtsabnahme zu unterst\u00fctzen, damit du dich jederzeit leicht, erfrischt und energiegeladen f\u00fchlst.","robots":{"index":"index","follow":"follow","max-snippet":"max-snippet:-1","max-image-preview":"max-image-preview:large","max-video-preview":"max-video-preview:-1"},"canonical":"https:\/\/www.swissnaturetea.com\/de\/shop\/tee\/wellness-tea-plus\/","og_locale":"de_DE","og_type":"article","og_title":"Bio \"Wellness Tea Plus\" | Swiss Nature Tea","og_description":"Bleibe den ganzen Tag \u00fcber im Gleichgewicht mit \u201eWellness Tea Plus\u201c - einer koffeinfreien, 100 % biologischen Mischung, die reich an Antioxidantien ist, um die Verdauung, das Immunsystem und die Gewichtsabnahme zu unterst\u00fctzen, damit du dich jederzeit leicht, erfrischt und energiegeladen f\u00fchlst.","og_url":"https:\/\/www.swissnaturetea.com\/de\/shop\/tee\/wellness-tea-plus\/","og_site_name":"Swiss Nature Tea","article_publisher":"https:\/\/www.facebook.com\/SwissNatureTea","article_modified_time":"2025-06-16T18:42:58+00:00","og_image":[{"width":1024,"height":1024,"url":"https:\/\/www.swissnaturetea.com\/wp-content\/uploads\/sites\/4\/2024\/07\/Wellness-Tea-Plus-Photo-1-1024x1024.png","type":"image\/png"}],"twitter_card":"summary_large_image","twitter_misc":{"Gesch\u00e4tzte Lesezeit":"2\u00a0Minuten"},"schema":{"@context":"https:\/\/schema.org","@graph":[{"@type":"WebPage","@id":"https:\/\/www.swissnaturetea.com\/de\/shop\/tee\/wellness-tea-plus\/","url":"https:\/\/www.swissnaturetea.com\/de\/shop\/tee\/wellness-tea-plus\/","name":"Bio \"Wellness Tea Plus\" | Swiss Nature Tea","isPartOf":{"@id":"https:\/\/www.swissnaturetea.com\/de\/#website"},"primaryImageOfPage":{"@id":"https:\/\/www.swissnaturetea.com\/de\/shop\/tee\/wellness-tea-plus\/#primaryimage"},"image":{"@id":"https:\/\/www.swissnaturetea.com\/de\/shop\/tee\/wellness-tea-plus\/#primaryimage"},"thumbnailUrl":"https:\/\/www.swissnaturetea.com\/wp-content\/uploads\/sites\/4\/2025\/02\/Wellness-Tea-Plus-Photo-4-v3-de.png","datePublished":"2024-07-12T13:48:24+00:00","dateModified":"2025-06-16T18:42:58+00:00","description":"Bleibe den ganzen Tag \u00fcber im Gleichgewicht mit \u201eWellness Tea Plus\u201c - einer koffeinfreien, 100 % biologischen Mischung, die reich an Antioxidantien ist, um die Verdauung, das Immunsystem und die Gewichtsabnahme zu unterst\u00fctzen, damit du dich jederzeit leicht, erfrischt und energiegeladen f\u00fchlst.","breadcrumb":{"@id":"https:\/\/www.swissnaturetea.com\/de\/shop\/tee\/wellness-tea-plus\/#breadcrumb"},"inLanguage":"de","potentialAction":[{"@type":"ReadAction","target":["https:\/\/www.swissnaturetea.com\/de\/shop\/tee\/wellness-tea-plus\/"]}]},{"@type":"ImageObject","inLanguage":"de","@id":"https:\/\/www.swissnaturetea.com\/de\/shop\/tee\/wellness-tea-plus\/#primaryimage","url":"https:\/\/www.swissnaturetea.com\/wp-content\/uploads\/sites\/4\/2025\/02\/Wellness-Tea-Plus-Photo-4-v3-de.png","contentUrl":"https:\/\/www.swissnaturetea.com\/wp-content\/uploads\/sites\/4\/2025\/02\/Wellness-Tea-Plus-Photo-4-v3-de.png","width":700,"height":700},{"@type":"BreadcrumbList","@id":"https:\/\/www.swissnaturetea.com\/de\/shop\/tee\/wellness-tea-plus\/#breadcrumb","itemListElement":[{"@type":"ListItem","position":1,"name":"Home","item":"https:\/\/www.swissnaturetea.com\/de\/"},{"@type":"ListItem","position":2,"name":"Shop","item":"https:\/\/www.swissnaturetea.com\/shop\/"},{"@type":"ListItem","position":3,"name":"Bio &#8220;Wellness Tea Plus&#8221;"}]},{"@type":"WebSite","@id":"https:\/\/www.swissnaturetea.com\/de\/#website","url":"https:\/\/www.swissnaturetea.com\/de\/","name":"Swiss Nature Tea","description":"","publisher":{"@id":"https:\/\/www.swissnaturetea.com\/de\/#organization"},"potentialAction":[{"@type":"SearchAction","target":{"@type":"EntryPoint","urlTemplate":"https:\/\/www.swissnaturetea.com\/de\/?s={search_term_string}"},"query-input":{"@type":"PropertyValueSpecification","valueRequired":true,"valueName":"search_term_string"}}],"inLanguage":"de"},{"@type":"Organization","@id":"https:\/\/www.swissnaturetea.com\/de\/#organization","name":"Swiss Nature Tea","url":"https:\/\/www.swissnaturetea.com\/de\/","logo":{"@type":"ImageObject","inLanguage":"de","@id":"https:\/\/www.swissnaturetea.com\/de\/#\/schema\/logo\/image\/","url":"https:\/\/www.swissnaturetea.com\/wp-content\/uploads\/sites\/4\/2024\/07\/logo-1-e1735131919857.png","contentUrl":"https:\/\/www.swissnaturetea.com\/wp-content\/uploads\/sites\/4\/2024\/07\/logo-1-e1735131919857.png","width":150,"height":150,"caption":"Swiss Nature Tea"},"image":{"@id":"https:\/\/www.swissnaturetea.com\/de\/#\/schema\/logo\/image\/"},"sameAs":["https:\/\/www.facebook.com\/SwissNatureTea"]}]}},"_links":{"self":[{"href":"https:\/\/www.swissnaturetea.com\/de\/wp-json\/wp\/v2\/product\/5528","targetHints":{"allow":["GET"]}}],"collection":[{"href":"https:\/\/www.swissnaturetea.com\/de\/wp-json\/wp\/v2\/product"}],"about":[{"href":"https:\/\/www.swissnaturetea.com\/de\/wp-json\/wp\/v2\/types\/product"}],"replies":[{"embeddable":true,"href":"https:\/\/www.swissnaturetea.com\/de\/wp-json\/wp\/v2\/comments?post=5528"}],"wp:featuredmedia":[{"embeddable":true,"href":"https:\/\/www.swissnaturetea.com\/de\/wp-json\/wp\/v2\/media\/17099"}],"wp:attachment":[{"href":"https:\/\/www.swissnaturetea.com\/de\/wp-json\/wp\/v2\/media?parent=5528"}],"wp:term":[{"taxonomy":"product_brand","embeddable":true,"href":"https:\/\/www.swissnaturetea.com\/de\/wp-json\/wp\/v2\/product_brand?post=5528"},{"taxonomy":"product_cat","embeddable":true,"href":"https:\/\/www.swissnaturetea.com\/de\/wp-json\/wp\/v2\/product_cat?post=5528"},{"taxonomy":"product_tag","embeddable":true,"href":"https:\/\/www.swissnaturetea.com\/de\/wp-json\/wp\/v2\/product_tag?post=5528"}],"curies":[{"name":"wp","href":"https:\/\/api.w.org\/{rel}","templated":true}]}}