{"id":614,"date":"2024-07-11T22:20:45","date_gmt":"2024-07-11T20:20:45","guid":{"rendered":"https:\/\/www.swissnaturetea.com\/allgemeine-geschaeftsbedingungen\/"},"modified":"2024-10-25T14:45:50","modified_gmt":"2024-10-25T12:45:50","slug":"allgemeine-geschaeftsbedingungen","status":"publish","type":"page","link":"https:\/\/www.swissnaturetea.com\/de\/allgemeine-geschaeftsbedingungen\/","title":{"rendered":"Allgemeine Gesch\u00e4ftsbedingungen"},"content":{"rendered":"\n<h2 class=\"wp-block-heading\">1 Geltungsbereich<\/h2>\n\n<p>Diese Allgemeinen Gesch\u00e4ftsbedingungen (nachfolgend \u00abAGB\u00bb) regeln die Rechtsbeziehung zwischen dem Unternehmen Swiss Nature Tea (nachfolgend \u00abAnbieter\u00bb) und den Nutzern der Website www.swissnaturetea.com (nachfolgend \u00abKunden\u00bb) im Bereich der Nutzung der angebotenen Dienstleistungen.<\/p>\n\n<p>Diese AGB gelten f\u00fcr alle vom K\u00e4ufer erteilten Auftr\u00e4ge. Der K\u00e4ufer erkl\u00e4rt sich mit den nachfolgenden AGB einverstanden, indem er in unserer Bestellsoftware das entsprechend beschriftete Feld \u201elesen\u201c (Ich akzeptiere hiermit die AGB.) oder \u00e4hnliches anklickt.<\/p>\n\n<h2 class=\"wp-block-heading\">2 Vertragsabschluss<\/h2>\n\n<p>Der Vertrag zwischen dem Anbieter und dem Kunden kommt zustande, wenn der Kunde die angebotenen Dienstleistungen in Anspruch nimmt oder eine Bestellung aufgibt.<\/p>\n\n<h2 class=\"wp-block-heading\">3 Leistungsumfang<\/h2>\n\n<p>Der Anbieter stellt dem Kunden bestimmte Dienstleistungen zur Verf\u00fcgung, wie z.B. die Bereitstellung von Informationen, den Verkauf von Produkten oder die M\u00f6glichkeit zur Kontaktaufnahme.<\/p>\n\n<h2 class=\"wp-block-heading\">4 Preise und Zahlungsbedingungen<\/h2>\n\n<p>Die Preise f\u00fcr die angebotenen Dienstleistungen und Produkte sind auf der Website www.swissnaturetea.com detailliert aufgef\u00fchrt und verstehen sich exklusive Z\u00f6lle\/Einfuhrkosten. Die Zahlung erfolgt \u00fcber die angegebenen Zahlungsmethoden, wie z.B. Kreditkarte oder Bank\u00fcberweisung.<\/p>\n\n<h2 class=\"wp-block-heading\">5 Lieferung<\/h2>\n\n<p>Die Lieferung erfolgt durch Zusendung der Ware an die vom K\u00e4ufer angegebene Adresse. Die Rechnungsadresse und die Lieferadresse k\u00f6nnen unterschiedlich sein.<\/p>\n\n<p>Die bestellten Produkte werden aus der Schweiz geliefert. Die Lieferfrist kann je nach Lieferadresse, Produkt und Verf\u00fcgbarkeit variieren. Sie wird dem Kunden bei der Bestellung mitgeteilt.<\/p>\n\n<p>Die Ware wird in der Regel innerhalb von 1 bis 3 Arbeitstagen nach Erhalt der Auftragsbest\u00e4tigung durch den K\u00e4ufer versandt. Swiss Nature Tea \u00fcbernimmt keine Verantwortung f\u00fcr allf\u00e4llige Lieferverz\u00f6gerungen durch das Logistikunternehmen.<\/p>\n\n<p>Bei Lieferungen ausserhalb der Schweiz k\u00f6nnen zus\u00e4tzliche Z\u00f6lle, Steuern und Geb\u00fchren anfallen.<\/p>\n\n<h2 class=\"wp-block-heading\">6 Garantie <\/h2>\n\n<p>Der Kunde hat die Ware unverz\u00fcglich nach Erhalt zu pr\u00fcfen.&#13;\nIst die Ware bei Erhalt mangelhaft, kann der K\u00e4ufer w\u00e4hlen, ob die Nacherf\u00fcllung durch Ersatzlieferung oder durch R\u00fcckerstattung des Kaufpreises erfolgen soll. In jedem Fall hat der K\u00e4ufer die mangelhafte Ware an uns zur\u00fcckzusenden.&#13;\nVon jeglicher Gew\u00e4hrleistung ausgeschlossen sind vom Kunden eingegebene Schreibfehler, qualitativ mangelhafte Abbildungen (z.B. durch unzureichende Aufl\u00f6sung digitaler Bilder), selbstverschuldete Konstruktionsfehler sowie falsche Produktauswahl, falsche Bestellmengen oder sonstige durch Fehler bei der Bestelleingabe verursachte M\u00e4ngel.<\/p>\n\n<p>Gew\u00e4hrleistungspflichtige M\u00e4ngel sind vom Kunden innerhalb von 5 Werktagen nach Erhalt der Ware schriftlich zu r\u00fcgen; nach Ablauf dieser Frist k\u00f6nnen keine weiteren Anspr\u00fcche geltend gemacht werden.<\/p>\n\n<p>Im Garantiefall wird Swiss Nature Tea nach eigenem Ermessen entweder die mangelhafte Ware ersetzen oder eine entsprechende Gutschrift ausstellen, sofern der Kunde die mangelhaften Produkte zur\u00fcckgeschickt hat. Weitergehende Gew\u00e4hrleistungsanspr\u00fcche des Kunden sind ausdr\u00fccklich ausgeschlossen.<\/p>\n\n<h2 class=\"wp-block-heading\">7 Right of return and withdrawal<\/h2>\n\n<p>Der Kunde muss die gelieferte oder abgeholte Ware sofort auf Richtigkeit, Vollst\u00e4ndigkeit und Liefersch\u00e4den \u00fcberpr\u00fcfen. Liefersch\u00e4den, Produktm\u00e4ngel, unrichtige und unvollst\u00e4ndige Lieferungen sind innerhalb von 5 Arbeitstagen zu reklamieren und in der Originalverpackung aufzubewahren, bis Swiss Nature Tea den Kunden kontaktiert.<\/p>\n\n<p>Swiss Nature Tea gew\u00e4hrt das Recht, die bestellten Produkte innerhalb von maximal 14 Kalendertagen nach Erhalt zur\u00fcckzugeben. Um f\u00fcr eine R\u00fcckgabe in Frage zu kommen, muss Ihr Artikel unbenutzt sein und sich im gleichen Zustand befinden, wie Sie ihn erhalten haben. Er muss auch in der Originalverpackung sein.<\/p>\n\n<p>Nicht umtauschbare Artikel:<\/p>\n\n<ul class=\"wp-block-list\">\n<li>Geschenkkarten<\/li>\n<\/ul>\n\n<p>Die Portokosten f\u00fcr die R\u00fccksendung von unerw\u00fcnschten Sendungen gehen zu Lasten des Absenders. Es gelten die folgenden Ausnahmen:<\/p>\n\n<ul class=\"wp-block-list\">\n<li>andere Artikel erhalten als bestellt<\/li>\n\n\n\n<li>die Angaben in unserem Shop sind nicht korrekt<\/li>\n\n\n\n<li>erhaltene(r) Artikel, die nicht bestellt wurden<\/li>\n<\/ul>\n\n<p>Trifft einer oder mehrere dieser Punkte zu, gehen die Portokosten f\u00fcr die R\u00fccksendung vollumf\u00e4nglich zu Lasten von Swiss Nature Tea. Der Kaufpreis kann erst nach Erhalt der R\u00fccksendung zur\u00fcckerstattet werden.<\/p>\n\n<h2 class=\"wp-block-heading\">8 Haftungsausschluss<\/h2>\n\n<p>Swiss Nature Tea haftet nur f\u00fcr Sch\u00e4den, die auf der Verletzung einer ihr obliegenden Vertragspflicht beruhen, oder wenn sie diese grobfahrl\u00e4ssig oder vors\u00e4tzlich verursacht hat.<\/p>\n\n<p>Der maximal zu leistende Schadensersatz ist auf den Betrag begrenzt, der als Kaufpreis f\u00fcr die betreffende Lieferung vereinbart wurde.<\/p>\n\n<p>Swiss Nature Tea haftet nicht f\u00fcr reine Verm\u00f6genssch\u00e4den oder Folgesch\u00e4den und\/oder Reflexsch\u00e4den.<\/p>\n\n<h2 class=\"wp-block-heading\">9 Datenschutz<\/h2>\n\n<p>Der Anbieter verpflichtet sich, die geltenden datenschutzrechtlichen Bestimmungen einzuhalten und die pers\u00f6nlichen Daten des Nutzers vertraulich zu behandeln. Weitere Informationen zum Datenschutz k\u00f6nnen der <a href=\"https:\/\/www.swissnaturetea.com\/de\/datenschutzerklarung\/\">Datenschutzerkl\u00e4rung<\/a>\u00a0auf der Website entnommen werden.<\/p>\n\n<h2 class=\"wp-block-heading\">10 Schlussbestimmungen<\/h2>\n\n<p>Es gilt schweizerisches Recht. Gerichtsstand ist der Sitz des Anbieters. Sollten einzelne Bestimmungen dieser AGB unwirksam oder undurchf\u00fchrbar sein, ber\u00fchrt dies die Wirksamkeit und Durchf\u00fchrbarkeit der \u00fcbrigen Bestimmungen nicht.&#13;\n&#13;\n&#13;\n&#13;\n<\/p>\n\n<p>Swiss Nature Tea beh\u00e4lt sich das Recht vor, die AGB jederzeit zu \u00e4ndern. Es gilt immer die zum Zeitpunkt des Vertragsabschlusses g\u00fcltige Version. Der Kunde muss sich daher bei jeder Bestellung \u00fcber die geltenden AGB informieren.<\/p>\n\n<p>Diese AGB sind in deutscher Sprache verfasst. Bei \u00dcbersetzungen in andere Sprachen kann es zu Abweichungen kommen. Im Falle von Unklarheiten oder Widerspr\u00fcchen zwischen den verschiedenen Sprachversionen gilt die deutsche Fassung dieser AGB.<\/p>\n","protected":false},"excerpt":{"rendered":"<p>1 Geltungsbereich Diese Allgemeinen Gesch\u00e4ftsbedingungen (nachfolgend \u00abAGB\u00bb) regeln die Rechtsbeziehung zwischen dem Unternehmen Swiss Nature Tea (nachfolgend \u00abAnbieter\u00bb) und den Nutzern der Website www.swissnaturetea.com (nachfolgend \u00abKunden\u00bb) im Bereich der Nutzung der angebotenen Dienstleistungen. Diese AGB gelten f\u00fcr alle vom K\u00e4ufer erteilten Auftr\u00e4ge. Der K\u00e4ufer erkl\u00e4rt sich mit den nachfolgenden AGB einverstanden, indem er in unserer [&hellip;]<\/p>\n","protected":false},"author":1,"featured_media":0,"parent":0,"menu_order":0,"comment_status":"closed","ping_status":"closed","template":"","meta":{"footnotes":""},"class_list":["post-614","page","type-page","status-publish","hentry"],"yoast_head":"<!-- This site is optimized with the Yoast SEO plugin v27.4 - https:\/\/yoast.com\/product\/yoast-seo-wordpress\/ -->\n<title>Allgemeine Gesch\u00e4ftsbedingungen | Swiss Nature Tea<\/title>\n<meta name=\"description\" content=\"Allgemeine Gesch\u00e4ftsbedingungen\" \/>\n<meta name=\"robots\" content=\"noindex, follow\" \/>\n<meta property=\"og:locale\" content=\"de_DE\" \/>\n<meta property=\"og:type\" content=\"article\" \/>\n<meta property=\"og:title\" content=\"Allgemeine Gesch\u00e4ftsbedingungen | Swiss Nature Tea\" \/>\n<meta property=\"og:description\" content=\"Allgemeine Gesch\u00e4ftsbedingungen\" \/>\n<meta property=\"og:url\" content=\"https:\/\/www.swissnaturetea.com\/de\/allgemeine-geschaeftsbedingungen\/\" \/>\n<meta property=\"og:site_name\" content=\"Swiss Nature Tea\" \/>\n<meta property=\"article:publisher\" content=\"https:\/\/www.facebook.com\/SwissNatureTea\" \/>\n<meta property=\"article:modified_time\" content=\"2024-10-25T12:45:50+00:00\" \/>\n<meta name=\"twitter:card\" content=\"summary_large_image\" \/>\n<meta name=\"twitter:label1\" content=\"Gesch\u00e4tzte Lesezeit\" \/>\n\t<meta name=\"twitter:data1\" content=\"4\u00a0Minuten\" \/>\n<script type=\"application\/ld+json\" class=\"yoast-schema-graph\">{\"@context\":\"https:\\\/\\\/schema.org\",\"@graph\":[{\"@type\":\"WebPage\",\"@id\":\"https:\\\/\\\/www.swissnaturetea.com\\\/de\\\/allgemeine-geschaeftsbedingungen\\\/\",\"url\":\"https:\\\/\\\/www.swissnaturetea.com\\\/de\\\/allgemeine-geschaeftsbedingungen\\\/\",\"name\":\"Allgemeine Gesch\u00e4ftsbedingungen | Swiss Nature Tea\",\"isPartOf\":{\"@id\":\"https:\\\/\\\/www.swissnaturetea.com\\\/de\\\/#website\"},\"datePublished\":\"2024-07-11T20:20:45+00:00\",\"dateModified\":\"2024-10-25T12:45:50+00:00\",\"description\":\"Allgemeine Gesch\u00e4ftsbedingungen\",\"breadcrumb\":{\"@id\":\"https:\\\/\\\/www.swissnaturetea.com\\\/de\\\/allgemeine-geschaeftsbedingungen\\\/#breadcrumb\"},\"inLanguage\":\"de\",\"potentialAction\":[{\"@type\":\"ReadAction\",\"target\":[\"https:\\\/\\\/www.swissnaturetea.com\\\/de\\\/allgemeine-geschaeftsbedingungen\\\/\"]}]},{\"@type\":\"BreadcrumbList\",\"@id\":\"https:\\\/\\\/www.swissnaturetea.com\\\/de\\\/allgemeine-geschaeftsbedingungen\\\/#breadcrumb\",\"itemListElement\":[{\"@type\":\"ListItem\",\"position\":1,\"name\":\"Home\",\"item\":\"https:\\\/\\\/www.swissnaturetea.com\\\/de\\\/\"},{\"@type\":\"ListItem\",\"position\":2,\"name\":\"Allgemeine Gesch\u00e4ftsbedingungen\"}]},{\"@type\":\"WebSite\",\"@id\":\"https:\\\/\\\/www.swissnaturetea.com\\\/de\\\/#website\",\"url\":\"https:\\\/\\\/www.swissnaturetea.com\\\/de\\\/\",\"name\":\"Swiss Nature Tea\",\"description\":\"\",\"publisher\":{\"@id\":\"https:\\\/\\\/www.swissnaturetea.com\\\/de\\\/#organization\"},\"potentialAction\":[{\"@type\":\"SearchAction\",\"target\":{\"@type\":\"EntryPoint\",\"urlTemplate\":\"https:\\\/\\\/www.swissnaturetea.com\\\/de\\\/?s={search_term_string}\"},\"query-input\":{\"@type\":\"PropertyValueSpecification\",\"valueRequired\":true,\"valueName\":\"search_term_string\"}}],\"inLanguage\":\"de\"},{\"@type\":\"Organization\",\"@id\":\"https:\\\/\\\/www.swissnaturetea.com\\\/de\\\/#organization\",\"name\":\"Swiss Nature Tea\",\"url\":\"https:\\\/\\\/www.swissnaturetea.com\\\/de\\\/\",\"logo\":{\"@type\":\"ImageObject\",\"inLanguage\":\"de\",\"@id\":\"https:\\\/\\\/www.swissnaturetea.com\\\/de\\\/#\\\/schema\\\/logo\\\/image\\\/\",\"url\":\"https:\\\/\\\/www.swissnaturetea.com\\\/wp-content\\\/uploads\\\/sites\\\/4\\\/2024\\\/07\\\/logo-1-e1735131919857.png\",\"contentUrl\":\"https:\\\/\\\/www.swissnaturetea.com\\\/wp-content\\\/uploads\\\/sites\\\/4\\\/2024\\\/07\\\/logo-1-e1735131919857.png\",\"width\":150,\"height\":150,\"caption\":\"Swiss Nature Tea\"},\"image\":{\"@id\":\"https:\\\/\\\/www.swissnaturetea.com\\\/de\\\/#\\\/schema\\\/logo\\\/image\\\/\"},\"sameAs\":[\"https:\\\/\\\/www.facebook.com\\\/SwissNatureTea\"]}]}<\/script>\n<!-- \/ Yoast SEO plugin. -->","yoast_head_json":{"title":"Allgemeine Gesch\u00e4ftsbedingungen | Swiss Nature Tea","description":"Allgemeine Gesch\u00e4ftsbedingungen","robots":{"index":"noindex","follow":"follow"},"og_locale":"de_DE","og_type":"article","og_title":"Allgemeine Gesch\u00e4ftsbedingungen | Swiss Nature Tea","og_description":"Allgemeine Gesch\u00e4ftsbedingungen","og_url":"https:\/\/www.swissnaturetea.com\/de\/allgemeine-geschaeftsbedingungen\/","og_site_name":"Swiss Nature Tea","article_publisher":"https:\/\/www.facebook.com\/SwissNatureTea","article_modified_time":"2024-10-25T12:45:50+00:00","twitter_card":"summary_large_image","twitter_misc":{"Gesch\u00e4tzte Lesezeit":"4\u00a0Minuten"},"schema":{"@context":"https:\/\/schema.org","@graph":[{"@type":"WebPage","@id":"https:\/\/www.swissnaturetea.com\/de\/allgemeine-geschaeftsbedingungen\/","url":"https:\/\/www.swissnaturetea.com\/de\/allgemeine-geschaeftsbedingungen\/","name":"Allgemeine Gesch\u00e4ftsbedingungen | Swiss Nature Tea","isPartOf":{"@id":"https:\/\/www.swissnaturetea.com\/de\/#website"},"datePublished":"2024-07-11T20:20:45+00:00","dateModified":"2024-10-25T12:45:50+00:00","description":"Allgemeine Gesch\u00e4ftsbedingungen","breadcrumb":{"@id":"https:\/\/www.swissnaturetea.com\/de\/allgemeine-geschaeftsbedingungen\/#breadcrumb"},"inLanguage":"de","potentialAction":[{"@type":"ReadAction","target":["https:\/\/www.swissnaturetea.com\/de\/allgemeine-geschaeftsbedingungen\/"]}]},{"@type":"BreadcrumbList","@id":"https:\/\/www.swissnaturetea.com\/de\/allgemeine-geschaeftsbedingungen\/#breadcrumb","itemListElement":[{"@type":"ListItem","position":1,"name":"Home","item":"https:\/\/www.swissnaturetea.com\/de\/"},{"@type":"ListItem","position":2,"name":"Allgemeine Gesch\u00e4ftsbedingungen"}]},{"@type":"WebSite","@id":"https:\/\/www.swissnaturetea.com\/de\/#website","url":"https:\/\/www.swissnaturetea.com\/de\/","name":"Swiss Nature Tea","description":"","publisher":{"@id":"https:\/\/www.swissnaturetea.com\/de\/#organization"},"potentialAction":[{"@type":"SearchAction","target":{"@type":"EntryPoint","urlTemplate":"https:\/\/www.swissnaturetea.com\/de\/?s={search_term_string}"},"query-input":{"@type":"PropertyValueSpecification","valueRequired":true,"valueName":"search_term_string"}}],"inLanguage":"de"},{"@type":"Organization","@id":"https:\/\/www.swissnaturetea.com\/de\/#organization","name":"Swiss Nature Tea","url":"https:\/\/www.swissnaturetea.com\/de\/","logo":{"@type":"ImageObject","inLanguage":"de","@id":"https:\/\/www.swissnaturetea.com\/de\/#\/schema\/logo\/image\/","url":"https:\/\/www.swissnaturetea.com\/wp-content\/uploads\/sites\/4\/2024\/07\/logo-1-e1735131919857.png","contentUrl":"https:\/\/www.swissnaturetea.com\/wp-content\/uploads\/sites\/4\/2024\/07\/logo-1-e1735131919857.png","width":150,"height":150,"caption":"Swiss Nature Tea"},"image":{"@id":"https:\/\/www.swissnaturetea.com\/de\/#\/schema\/logo\/image\/"},"sameAs":["https:\/\/www.facebook.com\/SwissNatureTea"]}]}},"_links":{"self":[{"href":"https:\/\/www.swissnaturetea.com\/de\/wp-json\/wp\/v2\/pages\/614","targetHints":{"allow":["GET"]}}],"collection":[{"href":"https:\/\/www.swissnaturetea.com\/de\/wp-json\/wp\/v2\/pages"}],"about":[{"href":"https:\/\/www.swissnaturetea.com\/de\/wp-json\/wp\/v2\/types\/page"}],"author":[{"embeddable":true,"href":"https:\/\/www.swissnaturetea.com\/de\/wp-json\/wp\/v2\/users\/1"}],"replies":[{"embeddable":true,"href":"https:\/\/www.swissnaturetea.com\/de\/wp-json\/wp\/v2\/comments?post=614"}],"version-history":[{"count":5,"href":"https:\/\/www.swissnaturetea.com\/de\/wp-json\/wp\/v2\/pages\/614\/revisions"}],"predecessor-version":[{"id":6135,"href":"https:\/\/www.swissnaturetea.com\/de\/wp-json\/wp\/v2\/pages\/614\/revisions\/6135"}],"wp:attachment":[{"href":"https:\/\/www.swissnaturetea.com\/de\/wp-json\/wp\/v2\/media?parent=614"}],"curies":[{"name":"wp","href":"https:\/\/api.w.org\/{rel}","templated":true}]}}